{"id":1026,"date":"2026-03-23T16:02:29","date_gmt":"2026-03-23T16:02:29","guid":{"rendered":"http:\/\/www.recxl.com\/?page_id=1026---f9f2d9a9-cd92-4d14-b229-3cc33748c1a6"},"modified":"2026-03-23T16:02:29","modified_gmt":"2026-03-23T16:02:29","slug":"daily-fantasy-sports-how-to-guide","status":"publish","type":"page","link":"http:\/\/www.recxl.com\/fr\/daily-fantasy-sports-how-to-guide\/","title":{"rendered":"Guide pratique des sports fantastiques quotidiens"},"content":{"rendered":"<p class=\"has-medium-font-size\">Vous souhaitez en savoir plus sur les Daily Fantasy Sports ?<\/p>\n\n\n\n<p><strong>Lisez notre guide simple pour d\u00e9marrer avec DFS<\/strong><\/p>\n\n\n\n<p>Les paris sportifs ont \u00e9volu\u00e9 au fil des ans, comme en t\u00e9moigne le monde des fantasy sports. Parier sur un r\u00e9sultat existe depuis des si\u00e8cles. D\u00e8s l&#039;\u00e9poque romaine, parier sur un r\u00e9sultat \u00e9tait extr\u00eamement populaire lors des combats de gladiateurs. Aujourd&#039;hui, parier sur un sport s&#039;est \u00e9tendu aux paris hippiques et, bien s\u00fbr, aux paris sportifs. Le concept est tr\u00e8s simple\u00a0: vous pariez sur le vainqueur de la comp\u00e9tition. Et dans certains cas, si vous pariez sur un cheval ou une \u00e9quipe qui termine deuxi\u00e8me, troisi\u00e8me, etc., vous recevez un prix suppl\u00e9mentaire.<\/p>\n\n\n\n<p>Si vous pouvez comprendre les paris sportifs dans leur concept normal, alors le sport fantastique est une extension des paris sportifs.<\/p>\n\n\n\n<h2 class=\"wp-block-heading\">Comment fonctionnent les paris Fantasy Sports ?<\/h2>\n\n\n\n<p>Le fantasy sport est une comp\u00e9tition o\u00f9 des \u00e9quipes s&#039;affrontent. Une \u00e9quipe s&#039;apparente \u00e0 une s\u00e9lection de joueurs r\u00e9els. Le parieur s\u00e9lectionne les joueurs selon des r\u00e8gles et des crit\u00e8res. Chaque \u00e9quipe s&#039;affronte. Le vainqueur est d\u00e9termin\u00e9 par les performances r\u00e9elles des joueurs. Plus les joueurs s\u00e9lectionn\u00e9s sont performants, plus le score de l&#039;\u00e9quipe est \u00e9lev\u00e9.<\/p>\n\n\n\n<p>Avant les progr\u00e8s technologiques, les fantasy sports \u00e9taient assez difficiles \u00e0 g\u00e9rer. Avant le d\u00e9but d&#039;une saison, les parieurs devaient convenir des r\u00e8gles, mettre en commun leur argent (g\u00e9n\u00e9ralement sous forme d&#039;argent liquide) et soumettre leur \u00e9quipe fantasy \u00e0 un administrateur. \u00c0 chaque match, l&#039;administrateur calculait le score de chaque joueur et transf\u00e9rait les r\u00e9sultats \u00e0 chaque \u00e9quipe fantasy. Une fois la saison termin\u00e9e, les \u00e9quipes fantasy gagnantes \u00e9taient d\u00e9termin\u00e9es et la cagnotte \u00e9tait distribu\u00e9e aux parieurs. Comme vous pouvez l&#039;imaginer, ce processus demande beaucoup d&#039;efforts, et une saison est donc g\u00e9n\u00e9ralement n\u00e9cessaire pour que les paris soient rentables.<\/p>\n\n\n\n<p>Aujourd&#039;hui, tout est automatis\u00e9. Les parieurs peuvent utiliser le transfert en ligne pour placer leurs paris en argent r\u00e9el, l&#039;administrateur peut facilement cr\u00e9er des r\u00e8gles et les partager avec les parieurs, la s\u00e9lection et la soumission des \u00e9quipes de fantasy sports se font enti\u00e8rement en ligne et les r\u00e9sultats sont calcul\u00e9s rapidement. Ainsi, la dur\u00e9e d&#039;un tour de paris n&#039;\u00e9tait plus n\u00e9cessairement d&#039;une saison, mais pouvait \u00eatre r\u00e9duite \u00e0 une semaine, voire \u00e0 une journ\u00e9e. Cette dur\u00e9e r\u00e9duite des paris fantasy sports est commun\u00e9ment appel\u00e9e Daily Fantasy Sports, ou DFS.<\/p>\n\n\n\n<h2 class=\"wp-block-heading\">Sur quels sports puis-je parier dans Daily Fantasy Sports ?<\/h2>\n\n\n\n<p>Les fantasy sports quotidiens couvrent un large \u00e9ventail de sports. Aux \u00c9tats-Unis, les plus populaires sont la NFL, la NBA et la MLB, o\u00f9 des milliers de parieurs participent quotidiennement ou hebdomadairement \u00e0 ces comp\u00e9titions. Dans d&#039;autres pays, d&#039;autres sports sont \u00e9galement propos\u00e9s, comme la Premier League, le rugby et le cricket. La Coupe du Monde de la FIFA est sans aucun doute l&#039;un des plus grands attraits.<\/p>\n\n\n\n<h2 class=\"wp-block-heading\">Formats de sports fantastiques quotidiens<\/h2>\n\n\n\n<p>Il existe trois formats courants pour jouer aux sports fantasy quotidiens. Le plus courant et traditionnel est le format \u00e0 prix garanti. Les deux autres sont le t\u00eate-\u00e0-t\u00eate (un contre un) et le 50\/50 (victoire dans la premi\u00e8re moiti\u00e9 du tableau).<\/p>\n\n\n\n<h3 class=\"wp-block-heading\">Cagnotte garantie DFS<\/h3>\n\n\n\n<p>Le Prize Pool Garanti (GPP) est un format de Fantasy Sports Quotidien qui regroupe un nombre limit\u00e9 de joueurs en une seule manche. Quel que soit le nombre de joueurs inscrits, le prix est garanti par l&#039;op\u00e9rateur DFS. Dans un GPP, des prix sont g\u00e9n\u00e9ralement attribu\u00e9s aux premier, deuxi\u00e8me et troisi\u00e8me gagnants, et peuvent m\u00eame \u00eatre attribu\u00e9s \u00e0 des joueurs plus bas dans le classement. Le pourcentage des gains r\u00e9partis entre les joueurs est d\u00e9termin\u00e9 par les r\u00e8gles \u00e9tablies par l&#039;op\u00e9rateur DFS.<\/p>\n\n\n\n<h3 class=\"wp-block-heading\">DFS Face \u00e0 Face<\/h3>\n\n\n\n<p>Dans le format Face \u00e0 Face, une \u00e9quipe de fantasy sports affronte une autre \u00e9quipe. Un parieur contre un autre. En r\u00e9sum\u00e9, l&#039;\u00e9quipe gagnante remporte la mise.<\/p>\n\n\n\n<h3 class=\"wp-block-heading\">DFS 50\/50<\/h3>\n\n\n\n<p>Dans le format 50\/50, un groupe de joueurs est constitu\u00e9 et leur objectif est de figurer dans la premi\u00e8re moiti\u00e9 du classement. Si vous figurez dans la premi\u00e8re moiti\u00e9, vous recevrez le montant de votre mise. Si vous figurez dans la seconde moiti\u00e9, vous perdrez votre mise.<\/p>\n\n\n\n<h2 class=\"wp-block-heading\">Quelles strat\u00e9gies DFS dois-je utiliser\u00a0?<\/h2>\n\n\n\n<p>La strat\u00e9gie \u00e0 adopter d\u00e9pendra du format choisi. En GPP, votre strat\u00e9gie doit privil\u00e9gier la prise de risque. L&#039;objectif du GPP est de battre le plus grand nombre d&#039;\u00e9quipes de Fantasy Sports afin de remporter les prix. Par cons\u00e9quent, choisir une \u00e9quipe compos\u00e9e de joueurs solides (mais pas exceptionnels) peut vous permettre d&#039;obtenir un r\u00e9sultat moyen, mais sans gains. Il est donc important de prendre davantage de risques avec le format GPP.<\/p>\n\n\n\n<p>Avec un format en face \u00e0 face et un 50\/50, vous pouvez \u00eatre plus prudent dans votre s\u00e9lection de joueurs sportifs. L&#039;objectif est de battre un seul autre joueur ou la moiti\u00e9 du groupe (respectivement). Sachant cela, vous n&#039;avez pas besoin de prendre des risques trop importants qui pourraient voir votre \u00e9quipe fantasy se surpasser ou \u00e9chouer lourdement. Il vous suffit d&#039;en faire assez pour battre l&#039;autre joueur ou terminer dans la premi\u00e8re moiti\u00e9.<\/p>\n\n\n\n<h2 class=\"wp-block-heading\">Fournisseurs de jeux de fantasy quotidiens<\/h2>\n\n\n\n<p>Il existe plusieurs fournisseurs de DFS. Les principaux acteurs sont DraftKings et FanDuel. Tous deux bas\u00e9s aux \u00c9tats-Unis, ils sont leaders du march\u00e9. Ils proposent depuis longtemps des jeux DFS et ont fait \u00e9voluer leurs produits pour offrir de superbes prix.<\/p>\n\n\n\n<p>D&#039;autres acteurs plus petits (qui sont tout aussi bons) sont DRAFT, Fantasy Aces et Yahoo! Sports.<\/p>\n\n\n\n<h2 class=\"wp-block-heading\">Le Daily Fantasy Sports est-il l\u00e9gal ?<\/h2>\n\n\n\n<p>Cela d\u00e9pend de votre lieu de r\u00e9sidence. Dans certains pays, le DFS est consid\u00e9r\u00e9 comme une forme de jeu d&#039;argent et n&#039;est pas autoris\u00e9. Aux \u00c9tats-Unis, la l\u00e9galit\u00e9 du DFS d\u00e9pend de l&#039;\u00c9tat o\u00f9 vous r\u00e9sidez ou depuis lequel vous souhaitez vous connecter. Chaque \u00c9tat am\u00e9ricain est autoris\u00e9 \u00e0 \u00e9dicter ses propres lois sur les jeux d&#039;argent, et la l\u00e9galit\u00e9 du DFS varie donc d&#039;un \u00c9tat \u00e0 l&#039;autre.<\/p>","protected":false},"excerpt":{"rendered":"<p>Eager to discover more about Daily Fantasy Sports? Read our simple guide on on getting started with DFS Sports betting has evolved throughout the years and it&#8217;s clearly obvious through the world of fantasy sports. Betting on an outcome has been around for centuries. From early Roman days, betting on an outcome was extremely popular [&#8230;]<\/p>\n<p><a class=\"btn btn-secondary understrap-read-more-link\" href=\"http:\/\/www.recxl.com\/fr\/daily-fantasy-sports-how-to-guide\/\">Lire la suite&#8230;<\/a><\/p>","protected":false},"author":4,"featured_media":0,"parent":0,"menu_order":189,"comment_status":"closed","ping_status":"closed","template":"","meta":{"footnotes":""},"class_list":["post-1026","page","type-page","status-publish","hentry"],"_links":{"self":[{"href":"http:\/\/www.recxl.com\/fr\/wp-json\/wp\/v2\/pages\/1026","targetHints":{"allow":["GET"]}}],"collection":[{"href":"http:\/\/www.recxl.com\/fr\/wp-json\/wp\/v2\/pages"}],"about":[{"href":"http:\/\/www.recxl.com\/fr\/wp-json\/wp\/v2\/types\/page"}],"author":[{"embeddable":true,"href":"http:\/\/www.recxl.com\/fr\/wp-json\/wp\/v2\/users\/4"}],"replies":[{"embeddable":true,"href":"http:\/\/www.recxl.com\/fr\/wp-json\/wp\/v2\/comments?post=1026"}],"version-history":[{"count":5,"href":"http:\/\/www.recxl.com\/fr\/wp-json\/wp\/v2\/pages\/1026\/revisions"}],"predecessor-version":[{"id":19097,"href":"http:\/\/www.recxl.com\/fr\/wp-json\/wp\/v2\/pages\/1026\/revisions\/19097"}],"wp:attachment":[{"href":"http:\/\/www.recxl.com\/fr\/wp-json\/wp\/v2\/media?parent=1026"}],"curies":[{"name":"wp","href":"https:\/\/api.w.org\/{rel}","templated":true}]}}