{"id":1503,"date":"2026-03-22T21:25:14","date_gmt":"2026-03-22T21:25:14","guid":{"rendered":"http:\/\/www.recxl.com\/?page_id=1503---ef058aae-c6b1-4e33-a75f-5f8211c40b8a"},"modified":"2026-03-22T21:25:14","modified_gmt":"2026-03-22T21:25:14","slug":"new-jersey","status":"publish","type":"page","link":"http:\/\/www.recxl.com\/fr\/us-casinos\/new-jersey\/","title":{"rendered":"[NJ] Marketing d&#039;affiliation et jeux d&#039;argent en ligne dans le New Jersey [2024]"},"content":{"rendered":"<div class=\"wp-block-image\"><figure class=\"alignright size-large is-resized\"><img decoding=\"async\" src=\"http:\/\/www.recxl.com\/wp-content\/uploads\/2020\/06\/image-48.png\" alt=\"New Jersey Online Casinos | Online Slots | Great Bonuses | Gambling Guide | Bitcoin | Secure and Safe Payment Methods | Online Bingo\" class=\"wp-image-1617\" width=\"122\" height=\"94\" srcset=\"https:\/\/www.recxl.com\/wp-content\/uploads\/2020\/06\/image-48.png 488w, https:\/\/www.recxl.com\/wp-content\/uploads\/2020\/06\/image-48-300x232.png 300w\" sizes=\"(max-width: 122px) 100vw, 122px\" \/><\/figure><\/div>\n\n\n\n<p>Le New Jersey offre une gamme d&#039;options de jeu comparable \u00e0 celle du Nevada. Cela comprend les jeux de casino l\u00e9gaux, les paris sportifs et les comp\u00e9titions quotidiennes de fantasy sports. De plus, les paris en ligne sont autoris\u00e9s.<\/p>\n\n\n\n<h2 class=\"wp-block-heading\">Jeux d&#039;argent en ligne<\/h2>\n\n\n\n<ul class=\"wp-block-list\"><li>March\u00e9 des jeux de casino commerciaux terrestres et en ligne, des paris sportifs et des paris hippiques<\/li><li>Les paris mobiles sont autoris\u00e9s pour toute personne situ\u00e9e dans l&#039;\u00c9tat<\/li><li>Les casinos terrestres et les hippodromes se sont associ\u00e9s \u00e0 des op\u00e9rateurs de jeux d&#039;argent en ligne pour proposer du poker, des casinos et des paris sportifs en ligne.<\/li><\/ul>\n\n\n\n<hr class=\"wp-block-separator\"\/>\n\n\n\n<h2 class=\"wp-block-heading\">Casinos affili\u00e9s du New Jersey<\/h2>\n\n\n<div class=\"row\">\r\n\t\t<div class=\"col-md-12\">\r\n\t\t\t<div class=\"table-responsive-lg\">\r\n\t\t\t\t<table cellspacing=\"0\" class=\"casino-table\">\r\n\t\t\t\t\t<thead>\r\n\t\t\t\t\t\t<tr class=\"text-secondary d-none d-md-table-row\" style=\"height: 54px;\">\r\n\t\t\t\t\t\t\t<th><span class=\"flag-icon flag-icon-us\"><\/th>\r\n\t\t\t\t\t\t\t<th class=\"text-center\" scope=\"col\">CASINO<\/th>\r\n\t\t\t\t\t\t\t<th class=\"text-center\" scope=\"col\">NOTATION<\/th>\r\n                            <th scope=\"col\" class=\"text-center\">PRIME<\/th>\r\n                            <th scope=\"col\" class=\"text-center\">JOUER<\/th><\/tr>\r\n\t\t\t\t\t<\/thead>\r\n\t\t\t\t\t<tbody>\r\n                <tr>\r\n                    <td><span class=\"ranking-number\">1<\/span><\/td>\r\n                    <td class=\"casino-logo\"><a rel=\"nofollow\" target=\"_blank\" href=\"http:\/\/www.recxl.com\/fr\/go\/el-royale-casino-homepage\/\"><img decoding=\"async\" class=\"mx-auto\" src=\"https:\/\/www.recxl.com\/wp-content\/uploads\/2020\/04\/el-royale-casino-logo-2.png\" alt=\"el-royale-casino-logo-2\"><\/a>\r\n                    <span class=\"casino-name\">El Royale Casino<\/span>\r\n                    <\/td>\r\n                    <td class=\"honesty-rating\"><div class=\"d-none\">\u2b50\u2b50\u2b50\u2b50\u2b50<\/div>\r\n                    <i class=\"fa fa-star\" aria-hidden=\"true\"><\/i><i class=\"fa fa-star\" aria-hidden=\"true\"><\/i><i class=\"fa fa-star\" aria-hidden=\"true\"><\/i><i class=\"fa fa-star\" aria-hidden=\"true\"><\/i><i class=\"fa fa-star\" aria-hidden=\"true\"><\/i><\/td>\r\n                    <td class=\"bonus-details\">\r\n                        <div class=\"bonus-text\">250% jusqu&#039;\u00e0 $12 500<\/div> <span class=\"bonus-text-type\">Bonus de bienvenue<\/span><\/td>\r\n                    <td class=\"play text-center\">\r\n                        <a rel=\"nofollow\" target=\"_blank\" class=\"empty-btn red\" href=\"http:\/\/www.recxl.com\/fr\/go\/el-royale-casino-homepage\/\">Jouer maintenant<\/a>\r\n                        \r\n\t\t\t\t\t\t\t\t\t\t\t\t\t\t\t\t\t\t\t\t<\/td>\r\n\t\t\t\t\t\t\t\t\t\t\t\t\t\t\t\t\t\t\t<\/tr>\r\n                <tr>\r\n                    <td><span class=\"ranking-number\">2<\/span><\/td>\r\n                    <td class=\"casino-logo\"><a rel=\"nofollow\" target=\"_blank\" href=\"http:\/\/www.recxl.com\/fr\/go\/bovada-homepage\/\"><img decoding=\"async\" class=\"mx-auto\" src=\"https:\/\/www.recxl.com\/wp-content\/uploads\/2019\/09\/bovada-logo-1-1.png\" alt=\"bovada-logo-1 (1)\"><\/a>\r\n                    <span class=\"casino-name\">Bovada<\/span>\r\n                    <\/td>\r\n                    <td class=\"honesty-rating\"><div class=\"d-none\">\u2b50\u2b50\u2b50\u2b50\u2b50<\/div>\r\n                    <i class=\"fa fa-star\" aria-hidden=\"true\"><\/i><i class=\"fa fa-star\" aria-hidden=\"true\"><\/i><i class=\"fa fa-star\" aria-hidden=\"true\"><\/i><i class=\"fa fa-star\" aria-hidden=\"true\"><\/i><i class=\"fa fa-star\" aria-hidden=\"true\"><\/i><\/td>\r\n                    <td class=\"bonus-details\">\r\n                        <div class=\"bonus-text\">100% jusqu&#039;\u00e0 $3 000<\/div> <span class=\"bonus-text-type\">Bonus de bienvenue<\/span><\/td>\r\n                    <td class=\"play text-center\">\r\n                        <a rel=\"nofollow\" target=\"_blank\" class=\"empty-btn red\" href=\"http:\/\/www.recxl.com\/fr\/go\/bovada-homepage\/\">Jouer maintenant<\/a>\r\n                        \r\n\t\t\t\t\t\t\t\t\t\t\t\t\t\t\t\t\t\t\t\t<\/td>\r\n\t\t\t\t\t\t\t\t\t\t\t\t\t\t\t\t\t\t\t<\/tr>\r\n                <tr>\r\n                    <td><span class=\"ranking-number\">3<\/span><\/td>\r\n                    <td class=\"casino-logo\"><a rel=\"nofollow\" target=\"_blank\" href=\"http:\/\/www.recxl.com\/fr\/go\/vegas-casino-online-homepage\/\"><img decoding=\"async\" class=\"mx-auto\" src=\"https:\/\/www.recxl.com\/wp-content\/uploads\/2020\/01\/vegas-casino-online-logo.png\" alt=\"vegas-casino-online-logo\"><\/a>\r\n                    <span class=\"casino-name\">Casino en ligne de Vegas<\/span>\r\n                    <\/td>\r\n                    <td class=\"honesty-rating\"><div class=\"d-none\">\u2b50\u2b50\u2b50\u2b50\u2b50<\/div>\r\n                    <i class=\"fa fa-star\" aria-hidden=\"true\"><\/i><i class=\"fa fa-star\" aria-hidden=\"true\"><\/i><i class=\"fa fa-star\" aria-hidden=\"true\"><\/i><i class=\"fa fa-star\" aria-hidden=\"true\"><\/i><i class=\"fa fa-star\" aria-hidden=\"true\"><\/i><\/td>\r\n                    <td class=\"bonus-details\">\r\n                        <div class=\"bonus-text\">400% jusqu&#039;\u00e0 $10 000<\/div> <span class=\"bonus-text-type\">Bonus de bienvenue<\/span><\/td>\r\n                    <td class=\"play text-center\">\r\n                        <a rel=\"nofollow\" target=\"_blank\" class=\"empty-btn red\" href=\"http:\/\/www.recxl.com\/fr\/go\/vegas-casino-online-homepage\/\">Jouer maintenant<\/a>\r\n                        \r\n\t\t\t\t\t\t\t\t\t\t\t\t\t\t\t\t\t\t\t\t<\/td>\r\n\t\t\t\t\t\t\t\t\t\t\t\t\t\t\t\t\t\t\t<\/tr>\r\n                <tr>\r\n                    <td><span class=\"ranking-number\">4<\/span><\/td>\r\n                    <td class=\"casino-logo\"><a rel=\"nofollow\" target=\"_blank\" href=\"http:\/\/www.recxl.com\/fr\/go\/slots-empire-homepage\/\"><img decoding=\"async\" class=\"mx-auto\" src=\"https:\/\/www.recxl.com\/wp-content\/uploads\/2020\/06\/slots-empire-casino-logo-1.png\" alt=\"slots-empire-casino-logo-1\"><\/a>\r\n                    <span class=\"casino-name\">Slots Empire<\/span>\r\n                    <\/td>\r\n                    <td class=\"honesty-rating\"><div class=\"d-none\">\u2b50\u2b50\u2b50\u2b50\u2b50<\/div>\r\n                    <i class=\"fa fa-star\" aria-hidden=\"true\"><\/i><i class=\"fa fa-star\" aria-hidden=\"true\"><\/i><i class=\"fa fa-star\" aria-hidden=\"true\"><\/i><i class=\"fa fa-star\" aria-hidden=\"true\"><\/i><i class=\"fa fa-star\" aria-hidden=\"true\"><\/i><\/td>\r\n                    <td class=\"bonus-details\">\r\n                        <div class=\"bonus-text\">220% jusqu&#039;\u00e0 $12 000<\/div> <span class=\"bonus-text-type\">Bonus de bienvenue<\/span><\/td>\r\n                    <td class=\"play text-center\">\r\n                        <a rel=\"nofollow\" target=\"_blank\" class=\"empty-btn red\" href=\"http:\/\/www.recxl.com\/fr\/go\/slots-empire-homepage\/\">Jouer maintenant<\/a>\r\n                        \r\n\t\t\t\t\t\t\t\t\t\t\t\t\t\t\t\t\t\t\t\t<\/td>\r\n\t\t\t\t\t\t\t\t\t\t\t\t\t\t\t\t\t\t\t<\/tr>\r\n                <tr>\r\n                    <td><span class=\"ranking-number\">5<\/span><\/td>\r\n                    <td class=\"casino-logo\"><a rel=\"nofollow\" target=\"_blank\" href=\"http:\/\/www.recxl.com\/fr\/go\/red-dog-homepage\/\"><img decoding=\"async\" class=\"mx-auto\" src=\"https:\/\/www.recxl.com\/wp-content\/uploads\/2020\/01\/red-dog-casino-logo.png\" alt=\"red-dog-casino-logo\"><\/a>\r\n                    <span class=\"casino-name\">Red Dog Casino<\/span>\r\n                    <\/td>\r\n                    <td class=\"honesty-rating\"><div class=\"d-none\">\u2b50\u2b50\u2b50\u2b50\u2b50<\/div>\r\n                    <i class=\"fa fa-star\" aria-hidden=\"true\"><\/i><i class=\"fa fa-star\" aria-hidden=\"true\"><\/i><i class=\"fa fa-star\" aria-hidden=\"true\"><\/i><i class=\"fa fa-star\" aria-hidden=\"true\"><\/i><i class=\"fa fa-star\" aria-hidden=\"true\"><\/i><\/td>\r\n                    <td class=\"bonus-details\">\r\n                        <div class=\"bonus-text\">225% jusqu&#039;\u00e0 $12 250<\/div> <span class=\"bonus-text-type\">Bonus de bienvenue<\/span><\/td>\r\n                    <td class=\"play text-center\">\r\n                        <a rel=\"nofollow\" target=\"_blank\" class=\"empty-btn red\" href=\"http:\/\/www.recxl.com\/fr\/go\/red-dog-homepage\/\">Jouer maintenant<\/a>\r\n                        \r\n\t\t\t\t\t\t\t\t\t\t\t\t\t\t\t\t\t\t\t\t<\/td>\r\n\t\t\t\t\t\t\t\t\t\t\t\t\t\t\t\t\t\t\t<\/tr><\/tbody>\r\n\t\t<\/table>\r\n\t<\/div>\r\n<\/div>\r\n<\/div>\n\n\n\n<h2 class=\"wp-block-heading\">Partenaires Roar<\/h2>\n\n\n\n<h2 class=\"wp-block-heading\">BetMGM<\/h2>\n\n\n\n<figure class=\"wp-block-image size-large\"><img decoding=\"async\" width=\"361\" height=\"130\" src=\"http:\/\/www.recxl.com\/wp-content\/uploads\/2020\/09\/image-15.png\" alt=\"\" class=\"wp-image-4416\" srcset=\"https:\/\/www.recxl.com\/wp-content\/uploads\/2020\/09\/image-15.png 361w, https:\/\/www.recxl.com\/wp-content\/uploads\/2020\/09\/image-15-300x108.png 300w\" sizes=\"(max-width: 361px) 100vw, 361px\" \/><\/figure>\n\n\n\n<p><a href=\"http:\/\/www.betmgm.com\">www.betmgm.com<\/a><\/p>\n\n\n\n<p>L&#039;un des casinos en ligne les plus r\u00e9put\u00e9s du New Jersey. Il propose des applications de jeu mobiles avanc\u00e9es et un site de casino en ligne riche en fonctionnalit\u00e9s. Les joueurs sont attir\u00e9s par BetMGM car ils y sont assur\u00e9s d&#039;une qualit\u00e9 et d&#039;une exp\u00e9rience de jeu exceptionnelles.<\/p>\n\n\n\n<p>Il propose \u00e9galement un bookmaker, \u00e9galement disponible sur une application mobile, facile et intuitive \u00e0 utiliser.<\/p>\n\n\n\n<h2 class=\"wp-block-heading\">Borgata en ligne<\/h2>\n\n\n\n<figure class=\"wp-block-image size-large\"><img fetchpriority=\"high\" decoding=\"async\" width=\"383\" height=\"153\" src=\"http:\/\/www.recxl.com\/wp-content\/uploads\/2020\/09\/image-16.png\" alt=\"\" class=\"wp-image-4417\" srcset=\"https:\/\/www.recxl.com\/wp-content\/uploads\/2020\/09\/image-16.png 383w, https:\/\/www.recxl.com\/wp-content\/uploads\/2020\/09\/image-16-300x120.png 300w\" sizes=\"(max-width: 383px) 100vw, 383px\" \/><\/figure>\n\n\n\n<p><a href=\"http:\/\/www.borgataonline.com\">www.borgataonline.com<\/a><\/p>\n\n\n\n<p>Borgata est un \u00e9tablissement grandiose, moderne et flamboyant. Il offre toute l&#039;excitation du jeu. Il poss\u00e8de un h\u00f4tel \u00e0 Atlantic City, un casino en ligne, des paris sportifs et un site de poker. Son application, intuitive et int\u00e9gr\u00e9e, permet aux joueurs de naviguer entre casino, machines \u00e0 sous et paris sportifs. Inscrivez-vous et jouez sur Borgata Online.<\/p>\n\n\n\n<h2 class=\"wp-block-heading\">Party Casino<\/h2>\n\n\n\n<figure class=\"wp-block-image size-large\"><img loading=\"lazy\" decoding=\"async\" width=\"361\" height=\"103\" src=\"http:\/\/www.recxl.com\/wp-content\/uploads\/2020\/09\/image-17.png\" alt=\"\" class=\"wp-image-4418\" srcset=\"https:\/\/www.recxl.com\/wp-content\/uploads\/2020\/09\/image-17.png 361w, https:\/\/www.recxl.com\/wp-content\/uploads\/2020\/09\/image-17-300x86.png 300w\" sizes=\"(max-width: 361px) 100vw, 361px\" \/><\/figure>\n\n\n\n<p><a href=\"http:\/\/www.casino.nj.partycasino.com\">www.casino.nj.partycasino.com<\/a><\/p>\n\n\n\n<p>Party Casino est un casino en ligne de premier plan pour les r\u00e9sidents et les visiteurs du New Jersey. Relativement nouveau sur le march\u00e9, il a gagn\u00e9 en r\u00e9putation et en popularit\u00e9 ces derni\u00e8res ann\u00e9es. Offrant des graphismes de pointe, des jeux de qualit\u00e9 et de nouvelles fonctionnalit\u00e9s exceptionnelles, Party Casino est rapidement devenu un favori des joueurs.<\/p>\n\n\n\n<h2 class=\"wp-block-heading\">Party Poker<\/h2>\n\n\n\n<figure class=\"wp-block-image size-large\"><img loading=\"lazy\" decoding=\"async\" width=\"363\" height=\"89\" src=\"http:\/\/www.recxl.com\/wp-content\/uploads\/2020\/09\/image-18.png\" alt=\"\" class=\"wp-image-4419\" srcset=\"https:\/\/www.recxl.com\/wp-content\/uploads\/2020\/09\/image-18.png 363w, https:\/\/www.recxl.com\/wp-content\/uploads\/2020\/09\/image-18-300x74.png 300w\" sizes=\"(max-width: 363px) 100vw, 363px\" \/><\/figure>\n\n\n\n<p><a href=\"http:\/\/www.nj.partypoker.com\">www.nj.partypoker.com<\/a><\/p>\n\n\n\n<p>Certains se souviennent peut-\u00eatre de l&#039;essor du poker en ligne au d\u00e9but des ann\u00e9es 2000, avant l&#039;entr\u00e9e en vigueur de l&#039;UIGEA (Unlawful Internet Gaming Enforcement Act), qui a d\u00e9cim\u00e9 le secteur dans de nombreux \u00c9tats am\u00e9ricains, \u00e0 l&#039;exception du Nevada et du New Jersey. Eh bien, devinez quoi\u00a0? Party Poker a surv\u00e9cu depuis le d\u00e9but et continue de prosp\u00e9rer. Si Party Poker existe toujours, c&#039;est parce qu&#039;il est le meilleur site de poker du march\u00e9.<\/p>\n\n\n\n<h2 class=\"wp-block-heading\">Affili\u00e9s Gamesys<\/h2>\n\n\n\n<h2 class=\"wp-block-heading\">Affili\u00e9s (888)<\/h2>\n\n\n\n<h2 class=\"wp-block-heading\">Affili\u00e9s Pala<\/h2>\n\n\n\n<h2 class=\"wp-block-heading\">C\u00e9sars Interactive<\/h2>\n\n\n\n<h2 class=\"wp-block-heading\">Affili\u00e9s Rush<\/h2>\n\n\n\n<h2 class=\"wp-block-heading\">Affili\u00e9s Golden Nugget<\/h2>\n\n\n\n<h2 class=\"wp-block-heading\">\u00c2ge minimum l\u00e9gal pour jouer<\/h2>\n\n\n\n<p>L&#039;\u00e2ge minimum l\u00e9gal pour jouer dans le New Jersey est de 21 ans.<\/p>\n\n\n\n<h2 class=\"wp-block-heading\">Lois sur les jeux de hasard<\/h2>\n\n\n\n<ul class=\"wp-block-list\"><li>Le casino en ligne et le poker ont \u00e9t\u00e9 l\u00e9galis\u00e9s le 26 f\u00e9vrier 2013 et l&#039;activit\u00e9 a commenc\u00e9 en novembre 2013<\/li><li>Les paris hippiques en ligne ont \u00e9t\u00e9 l\u00e9galis\u00e9s en 2011<\/li><li>Les paris l\u00e9gaux mutuels sur les courses de chevaux ont commenc\u00e9 en 1941<\/li><li>Les casinos terrestres op\u00e8rent l\u00e9galement \u00e0 Atlantic City depuis 1978<\/li><\/ul>","protected":false},"excerpt":{"rendered":"<p>New Jersey provides a comparable range of gaming options to those available in Nevada. This encompasses legal casino gambling, sports wagering, and daily fantasy sports competitions. Additionally, online betting is allowed. Online Gambling Commercial land based and online casino gaming, sports betting and horse race betting market Mobile betting is permitted for any person located [&#8230;]<\/p>\n<p><a class=\"btn btn-secondary understrap-read-more-link\" href=\"http:\/\/www.recxl.com\/fr\/online-casino\/red-dog-casino\/\">Lire la suite&#8230;<\/a><\/p>","protected":false},"author":4,"featured_media":0,"parent":1413,"menu_order":152,"comment_status":"closed","ping_status":"closed","template":"","meta":{"footnotes":""},"class_list":["post-1503","page","type-page","status-publish","hentry"],"_links":{"self":[{"href":"http:\/\/www.recxl.com\/fr\/wp-json\/wp\/v2\/pages\/1503","targetHints":{"allow":["GET"]}}],"collection":[{"href":"http:\/\/www.recxl.com\/fr\/wp-json\/wp\/v2\/pages"}],"about":[{"href":"http:\/\/www.recxl.com\/fr\/wp-json\/wp\/v2\/types\/page"}],"author":[{"embeddable":true,"href":"http:\/\/www.recxl.com\/fr\/wp-json\/wp\/v2\/users\/4"}],"replies":[{"embeddable":true,"href":"http:\/\/www.recxl.com\/fr\/wp-json\/wp\/v2\/comments?post=1503"}],"version-history":[{"count":42,"href":"http:\/\/www.recxl.com\/fr\/wp-json\/wp\/v2\/pages\/1503\/revisions"}],"predecessor-version":[{"id":18973,"href":"http:\/\/www.recxl.com\/fr\/wp-json\/wp\/v2\/pages\/1503\/revisions\/18973"}],"up":[{"embeddable":true,"href":"http:\/\/www.recxl.com\/fr\/wp-json\/wp\/v2\/pages\/1413"}],"wp:attachment":[{"href":"http:\/\/www.recxl.com\/fr\/wp-json\/wp\/v2\/media?parent=1503"}],"curies":[{"name":"wp","href":"https:\/\/api.w.org\/{rel}","templated":true}]}}