{"id":3851,"date":"2026-03-21T19:28:08","date_gmt":"2026-03-21T19:28:08","guid":{"rendered":"http:\/\/www.recxl.com\/?page_id=3851---88a59a62-a8d8-4c55-a267-d3f0351d8c9c"},"modified":"2026-03-21T19:28:08","modified_gmt":"2026-03-21T19:28:08","slug":"us-online-live-casinos","status":"publish","type":"page","link":"http:\/\/www.recxl.com\/fr\/us-online-live-casinos\/","title":{"rendered":"Casinos en ligne en direct aux \u00c9tats-Unis"},"content":{"rendered":"<p>Les joueurs appr\u00e9cient l&#039;exp\u00e9rience de jouer avec des croupiers en direct. Cette interaction renforce la confiance dans l&#039;\u00e9quit\u00e9 des probabilit\u00e9s, tout en favorisant un sentiment d&#039;appartenance. Il est important de noter que certains \u00c9tats am\u00e9ricains n&#039;autorisent pas les croupiers en direct. Par exemple, les jeux de casino, sous toutes leurs formes, sont interdits dans des \u00c9tats comme Hawa\u00ef et l&#039;Utah. \u00c0 l&#039;inverse, des \u00c9tats comme le Nevada, le New Jersey et l&#039;Oregon autorisent les croupiers en direct dans les casinos. Le Montana, quant \u00e0 lui, autorise les jeux de table \u00e9lectroniques, mais exclut ceux impliquant un croupier en direct.<\/p>\n\n\n\n<p>Compte tenu de la crise sanitaire li\u00e9e \u00e0 la Covid-19, de nombreux joueurs am\u00e9ricains se tournent d\u00e9sormais vers les casinos en ligne en direct (\u00e9galement appel\u00e9s croupiers en direct). Pour les joueurs habitu\u00e9s aux croupiers en direct, l&#039;id\u00e9e de jouer \u00e0 un jeu de table en ligne RNG peut sembler un v\u00e9ritable acte de foi. Le scepticisme est grand parmi les joueurs habitu\u00e9s aux croupiers en direct, et la possibilit\u00e9 de jouer dans un casino en direct avec de vrais croupiers en direct est donc une garantie de chances de gagner.<\/p>\n\n\n\n<p><strong>En bref, cet article explique :<\/strong><\/p>\n\n\n\n<p>1 \u2013 L\u2019exp\u00e9rience de jouer dans les casinos en ligne en direct<\/p>\n\n\n\n<p>2 \u2013 Quels types de jeux sont disponibles<\/p>\n\n\n\n<p>3 \u2013 L\u00e9galit\u00e9 du jeu dans les casinos en ligne en direct<\/p>\n\n\n\n<p>4 \u2013 \u00c2ge minimum l\u00e9gal<\/p>\n\n\n\n<hr class=\"wp-block-separator\"\/>\n\n\n\n<h2 class=\"wp-block-heading\">D\u00e9couvrez les casinos en direct<\/h2>\n\n\n\n<p>De nombreux joueurs ne savent pas \u00e0 quoi s&#039;attendre lorsqu&#039;ils jouent dans des casinos en ligne. C&#039;est intangible, car de nombreux jeux sont bas\u00e9s sur des g\u00e9n\u00e9rateurs de nombres al\u00e9atoires. De plus, l&#039;accessibilit\u00e9 et la rapidit\u00e9 du contact avec un croupier ou un service client d\u00e9pendent de l&#039;op\u00e9rateur, ce qui dissuade beaucoup de joueurs de faire confiance aux jeux en ligne.<\/p>\n\n\n\n<p>En revanche, lorsque les joueurs (surtout ceux qui aiment les jeux de table) s&#039;aventurent dans un casino terrestre avec de vrais croupiers en direct, ils ressentent un plus grand sentiment d&#039;\u00e9quit\u00e9. Ils peuvent voir la bille rouler sur la roulette ou les cartes distribu\u00e9es lors d&#039;une partie de blackjack. Le hasard est \u00ab\u00a0v\u00e9ritable\u00a0\u00bb al\u00e9atoire et non g\u00e9n\u00e9r\u00e9 par ordinateur, ce qui est souvent per\u00e7u comme truqu\u00e9.<\/p>\n\n\n\n<p>Dans un casino terrestre, l&#039;interaction humaine est \u00e9galement pr\u00e9sente entre les joueurs, les croupiers et le personnel. L&#039;interaction humaine est un besoin essentiel dans la soci\u00e9t\u00e9, et jouer avec des interactions humaines est donc intuitivement valoris\u00e9. Naturellement, avec les jeux de casino en ligne bas\u00e9s uniquement sur le RNG et sans aucune interaction avec les autres joueurs, l&#039;exp\u00e9rience de jeu n&#039;est pas aussi agr\u00e9able qu&#039;avec des croupiers en direct.<\/p>\n\n\n\n<p>De nombreux nouveaux joueurs h\u00e9sitent parfois \u00e0 essayer les croupiers en direct sur Internet, ce qui est compr\u00e9hensible compte tenu de leur nouveaut\u00e9. Cependant, il existe quelques fournisseurs de casinos en direct de grande qualit\u00e9, authentiques, innovants et tout aussi agr\u00e9ables \u00e0 jouer que dans un casino terrestre.<\/p>\n\n\n\n<p>Leur gamme de jeux comprend les classiques du blackjack, de la roulette et du baccarat. Le craps, le sic bo et le pai gow ne sont pas encore tr\u00e8s populaires, mais leur disponibilit\u00e9 devrait bient\u00f4t augmenter en raison de la demande croissante.<\/p>\n\n\n\n<h3 class=\"wp-block-heading\">Une place est disponible<\/h3>\n\n\n\n<p>Comme dans les casinos terrestres, les casinos en direct exigent que vous soyez assis \u00e0 une table. Le nombre de places par table varie selon le casino et le type de jeu. En g\u00e9n\u00e9ral, il y a entre 7 et 10 places, et vous pouvez choisir la place si plusieurs sont libres. Exactement comme dans un casino terrestre.<\/p>\n\n\n\n<p>Dans un casino terrestre, si le casino est tr\u00e8s fr\u00e9quent\u00e9, il est souvent difficile de trouver une place libre. Cela peut \u00e9galement se produire dans un casino en direct, mais gr\u00e2ce \u00e0 leur capacit\u00e9 \u00e0 g\u00e9rer l&#039;augmentation du nombre de joueurs, ils peuvent rapidement accueillir de nouvelles tables avec des croupiers suppl\u00e9mentaires. Il est rare de trouver une table vide.<\/p>\n\n\n\n<h3 class=\"wp-block-heading\">Bonus de casino en direct<\/h3>\n\n\n\n<p>Ce que vous ne trouverez pas dans un casino terrestre, ce sont des cr\u00e9dits ou des bonus. Ces avantages se pr\u00e9sentent sous diff\u00e9rentes formes, comme des repas \u00e0 prix r\u00e9duit, des boissons gratuites ou des tarifs r\u00e9duits sur les chambres d&#039;h\u00f4tel. En revanche, dans les casinos en direct, ils vous seront offerts sous forme de cr\u00e9dit sur votre compte. De nombreux joueurs pr\u00e9f\u00e8rent avoir plus d&#039;argent de jeu plut\u00f4t qu&#039;un repas gratuit. Bien s\u00fbr, c&#039;est subjectif, mais en g\u00e9n\u00e9ral, les bonus de casino sont privil\u00e9gi\u00e9s.<\/p>\n\n\n\n<h3 class=\"wp-block-heading\">Fonctionnalit\u00e9s de chat<\/h3>\n\n\n\n<p>Les casinos en direct proposent \u00e9galement des fonctionnalit\u00e9s de chat permettant de connecter les croupiers, le personnel et les joueurs de mani\u00e8re interactive. Ceci s&#039;ajoute aux conversations en ligne et aux zooms. C&#039;est une fonctionnalit\u00e9 int\u00e9ressante et une nouvelle fa\u00e7on de s&#039;exprimer dans le monde des nouvelles technologies.<\/p>\n\n\n\n<p>Explorons maintenant certains des jeux disponibles dans les casinos en direct.<\/p>\n\n\n\n<hr class=\"wp-block-separator\"\/>\n\n\n\n<h2 class=\"wp-block-heading\">Blackjack en direct<\/h2>\n\n\n\n<p>Dans de nombreux casinos en ligne en direct, vous pourrez d\u00e9couvrir le blackjack HD de pointe, diffus\u00e9 directement sur votre appareil. Le blackjack est le jeu de table le plus populaire au monde\u00a0; il n&#039;est donc pas surprenant que vous y trouviez de nombreuses variantes.<\/p>\n\n\n\n<p>Les tables de blackjack en direct sont g\u00e9n\u00e9ralement compos\u00e9es de 7 \u00e0 10 personnes. Elles incluent des fonctions de chat et permettent aux joueurs de soumettre leurs d\u00e9cisions rapidement et facilement. Certaines permettent m\u00eame une soumission anticip\u00e9e, avant m\u00eame que le croupier n&#039;arrive.<\/p>\n\n\n\n<p>Gr\u00e2ce aux nombreuses versions disponibles, vous pourrez profiter des doubles downs, des mises secondaires, de l&#039;assurance blackjack et de l&#039;abandon anticip\u00e9 pour r\u00e9duire vos pertes. La vari\u00e9t\u00e9 des jeux de blackjack disponibles est vraiment impressionnante.<\/p>\n\n\n\n<p>Nous explorons maintenant certaines des fonctionnalit\u00e9s du Blackjack en direct dans les casinos en direct.<\/p>\n\n\n\n<h3 class=\"wp-block-heading\">Jouez vite, jouez vite avec des d\u00e9cisions avanc\u00e9es<\/h3>\n\n\n\n<p>Vous en avez assez des parties de blackjack lentes, soit parce que le croupier est lent, soit parce que les autres joueurs prennent leur temps ? Eh bien, devinez quoi\u00a0? Plus besoin d&#039;attendre. Vous pouvez d\u00e9sormais prendre votre d\u00e9cision \u00e0 l&#039;avance, imm\u00e9diatement apr\u00e8s la distribution des cartes. Vous savez que vous allez vous arr\u00eater\u00a0? Soumettez-la et le croupier saura imm\u00e9diatement qu&#039;il doit vous ignorer et passer imm\u00e9diatement \u00e0 la partie suivante. C&#039;est une fonctionnalit\u00e9 tellement g\u00e9niale que joueurs et croupiers appr\u00e9cient la rapidit\u00e9 et l&#039;excitation.<\/p>\n\n\n\n<h3 class=\"wp-block-heading\">Pari illimit\u00e9<\/h3>\n\n\n\n<p>Parfois, on voit d&#039;autres joueurs encha\u00eener les victoires et on veut leur partager leur succ\u00e8s, car on sait qu&#039;on veut les accompagner dans leur s\u00e9rie de victoires. Dans les casinos terrestres, il est impossible d&#039;avoir un nombre illimit\u00e9 de mises. D&#039;un point de vue logistique, c&#039;est impossible. En revanche, dans les casinos en direct, on peut miser autant de fois qu&#039;on le souhaite, et le nombre de joueurs qui peuvent \u00e9galement miser est illimit\u00e9\u00a0!<\/p>\n\n\n\n<h3 class=\"wp-block-heading\">Cartes \u00e0 jouer au blackjack<\/h3>\n\n\n\n<p>Les casinos en direct offrent la m\u00eame exp\u00e9rience que les casinos terrestres. Ils utilisent m\u00eame les m\u00eames cartes \u00e0 jouer que les casinos terrestres. Vous b\u00e9n\u00e9ficiez ainsi du m\u00eame professionnalisme que dans n&#039;importe quel casino de qualit\u00e9 de Las Vegas.<\/p>\n\n\n\n<hr class=\"wp-block-separator\"\/>\n\n\n\n<h2 class=\"wp-block-heading\">Baccarat en direct<\/h2>\n\n\n\n<p>Le baccarat \u00e9tait autrefois consid\u00e9r\u00e9 comme un jeu populaire uniquement en Asie. Si vous songez aux casinos de Macao, vous y trouverez de nombreux joueurs asiatiques VIP qui s&#039;\u00e9clatent en jouant au baccarat. L&#039;engouement pour le baccarat s&#039;est d\u00e9sormais r\u00e9pandu dans le monde entier, des joueurs de tous horizons profitant de l&#039;action en argent r\u00e9el.<\/p>\n\n\n\n<p>Le Baccarat en direct est livr\u00e9 avec un streaming HD, des angles de cam\u00e9ra WSOP o\u00f9 vous pouvez s\u00e9lectionner l&#039;action que vous souhaitez voir (ou m\u00eame tout \u00e0 la fois), des fonctionnalit\u00e9s de chat pour interagir avec le croupier et les autres joueurs.<\/p>\n\n\n\n<hr class=\"wp-block-separator\"\/>\n\n\n\n<h2 class=\"wp-block-heading\">Roulette en direct<\/h2>\n\n\n\n<p>Vous trouverez des roulettes am\u00e9ricaines et europ\u00e9ennes dans les casinos en direct. La version am\u00e9ricaine de la roulette comporte un double z\u00e9ro, contrairement \u00e0 la version europ\u00e9enne, o\u00f9 le z\u00e9ro est un chiffre unique.<\/p>\n\n\n\n<p>La roulette en direct offre la m\u00eame qualit\u00e9 de jeu que les casinos terrestres, et m\u00eame plus. Que vous apporte la roulette en direct\u00a0? Vous pouvez suivre les tendances de jeu les plus chaudes et les plus froides sur une p\u00e9riode aussi longue que possible pour diff\u00e9rents ensembles de donn\u00e9es, comme le noir et le rouge, le pair et l&#039;impair, et bien d&#039;autres encore. Vous b\u00e9n\u00e9ficiez du streaming HD sur votre appareil, du chat pour discuter avec les autres joueurs et le croupier, et de nombreux angles de cam\u00e9ra pour suivre l&#039;action. <\/p>\n\n\n\n<hr class=\"wp-block-separator\"\/>\n\n\n\n<h2 class=\"wp-block-heading\">L\u00e9galit\u00e9 des casinos en direct<\/h2>\n\n\n\n<p>Jouer dans des casinos en direct est g\u00e9n\u00e9ralement une zone grise juridique dans de nombreux \u00c9tats am\u00e9ricains. En g\u00e9n\u00e9ral, la majorit\u00e9 d&#039;entre eux n&#039;ont pas encore mis \u00e0 jour leur l\u00e9gislation sur les jeux d&#039;argent pour y inclure les jeux en ligne. Cependant, avec des lois explicites interdisant les op\u00e9rateurs de jeux locaux (sauf s&#039;ils sont agr\u00e9\u00e9s et approuv\u00e9s), seuls les op\u00e9rateurs offshore peuvent accepter les joueurs am\u00e9ricains.<\/p>\n\n\n\n<p>En tant que joueur, les lois sont extr\u00eamement floues. C&#039;est pourquoi de nombreux joueurs am\u00e9ricains se tournent vers les casinos en direct, rempla\u00e7ant ainsi les casinos terrestres.<\/p>\n\n\n\n<hr class=\"wp-block-separator\"\/>\n\n\n\n<h2 class=\"wp-block-heading\">\u00c2ge minimum l\u00e9gal pour acc\u00e9der au casino en direct<\/h2>\n\n\n\n<p>L&#039;\u00e2ge minimum l\u00e9gal pour jouer dans les casinos en direct varie selon les \u00c9tats am\u00e9ricains. G\u00e9n\u00e9ralement, chaque casino indique son propre \u00e2ge minimum l\u00e9gal, et certains utilisent m\u00eame l&#039;\u00e2ge minimum le plus \u00e9lev\u00e9 de la juridiction du joueur et ses propres r\u00e8gles. Par cons\u00e9quent, l&#039;\u00e2ge minimum l\u00e9gal est souvent fix\u00e9 \u00e0 21 ans. Les casinos en direct r\u00e9serv\u00e9s aux plus de 18 ans sont extr\u00eamement rares.<\/p>\n\n\n\n<h2 class=\"wp-block-heading\">\u00c0 propos des casinos en direct<\/h2>\n\n\n\n<p>Les casinos en direct sont de plus en plus populaires aupr\u00e8s des joueurs am\u00e9ricains. Gr\u00e2ce \u00e0 la s\u00e9curit\u00e9 et aux nouvelles fonctionnalit\u00e9s avanc\u00e9es, les joueurs peuvent profiter de l&#039;excitation des casinos en direct comme dans un casino terrestre.<\/p>","protected":false},"excerpt":{"rendered":"<p>People love the experience of playing with Live Dealers. This interaction brings a level of trust in the fairness of the game&#8217;s odds, while also satisfying a sense of community among players. It&#8217;s crucial to mention that some U.S. states do not allow Live Dealers. For example, casino gambling in any form is banned in [&#8230;]<\/p>\n<p><a class=\"btn btn-secondary understrap-read-more-link\" href=\"http:\/\/www.recxl.com\/fr\/us-online-live-casinos\/\">Lire la suite&#8230;<\/a><\/p>","protected":false},"author":4,"featured_media":0,"parent":0,"menu_order":105,"comment_status":"closed","ping_status":"closed","template":"","meta":{"footnotes":""},"class_list":["post-3851","page","type-page","status-publish","hentry"],"_links":{"self":[{"href":"http:\/\/www.recxl.com\/fr\/wp-json\/wp\/v2\/pages\/3851","targetHints":{"allow":["GET"]}}],"collection":[{"href":"http:\/\/www.recxl.com\/fr\/wp-json\/wp\/v2\/pages"}],"about":[{"href":"http:\/\/www.recxl.com\/fr\/wp-json\/wp\/v2\/types\/page"}],"author":[{"embeddable":true,"href":"http:\/\/www.recxl.com\/fr\/wp-json\/wp\/v2\/users\/4"}],"replies":[{"embeddable":true,"href":"http:\/\/www.recxl.com\/fr\/wp-json\/wp\/v2\/comments?post=3851"}],"version-history":[{"count":18,"href":"http:\/\/www.recxl.com\/fr\/wp-json\/wp\/v2\/pages\/3851\/revisions"}],"predecessor-version":[{"id":18819,"href":"http:\/\/www.recxl.com\/fr\/wp-json\/wp\/v2\/pages\/3851\/revisions\/18819"}],"wp:attachment":[{"href":"http:\/\/www.recxl.com\/fr\/wp-json\/wp\/v2\/media?parent=3851"}],"curies":[{"name":"wp","href":"https:\/\/api.w.org\/{rel}","templated":true}]}}