{"id":4274,"date":"2026-03-21T20:49:58","date_gmt":"2026-03-21T20:49:58","guid":{"rendered":"http:\/\/www.recxl.com\/?page_id=4274---3fd23358-c71b-4509-8803-2a92f43caeda"},"modified":"2026-03-21T20:49:58","modified_gmt":"2026-03-21T20:49:58","slug":"oh-ohio-sports-betting-sites-2020","status":"publish","type":"page","link":"http:\/\/www.recxl.com\/fr\/oh-ohio-sports-betting-sites-2020\/","title":{"rendered":"[OH] Paris sportifs en ligne dans l&#039;Ohio [2024]"},"content":{"rendered":"<div class=\"wp-block-image\"><figure class=\"alignright size-large is-resized\"><img decoding=\"async\" src=\"http:\/\/www.recxl.com\/wp-content\/uploads\/2020\/06\/image-5.png\" alt=\"\" class=\"wp-image-1363\" width=\"192\" height=\"116\" srcset=\"https:\/\/www.recxl.com\/wp-content\/uploads\/2020\/06\/image-5.png 384w, https:\/\/www.recxl.com\/wp-content\/uploads\/2020\/06\/image-5-300x180.png 300w\" sizes=\"(max-width: 192px) 100vw, 192px\" \/><\/figure><\/div>\n\n\n\n<p>Les paris sportifs dans l&#039;Ohio ont connu une forte augmentation apr\u00e8s un d\u00e9but difficile en 2020. Alors que les sports professionnels et universitaires reviennent, malgr\u00e9 certaines restrictions, il y a eu une croissance des activit\u00e9s de paris li\u00e9es au sport.<\/p>\n\n\n\n<p>Les parieurs sportifs de l&#039;Ohio peuvent parier l\u00e9galement sur des sites de paris sportifs en ligne bas\u00e9s \u00e0 l&#039;\u00e9tranger. Il existe une id\u00e9e fausse selon laquelle il est ill\u00e9gal de parier, ce qui est faux. Il est en revanche ill\u00e9gal de faciliter l&#039;exploitation d&#039;un site de paris sportifs et pour les banques am\u00e9ricaines de traiter des transactions de paris sportifs, ce que nous expliquerons plus en d\u00e9tail.<\/p>\n\n\n\n<p>Les lois nationales sur les paris sportifs qui autorisent sp\u00e9cifiquement les bookmakers sportifs terrestres n&#039;ont pas encore \u00e9t\u00e9 approuv\u00e9es et adopt\u00e9es dans la l\u00e9gislation.<\/p>\n\n\n\n<p>Un bras de fer persiste actuellement entre la Chambre des repr\u00e9sentants et le S\u00e9nat. La premi\u00e8re souhaite que la Loterie de l&#039;Ohio soit l&#039;organisme de r\u00e9gulation, tandis que le second pr\u00e9f\u00e8re que ce soit la Commission de contr\u00f4le des casinos de l&#039;Ohio.<\/p>\n\n\n\n<p>En r\u00e9alit\u00e9, les paris sportifs ne vont pas g\u00e9n\u00e9rer beaucoup de recettes fiscales pour le budget de l&#039;Ohio. N\u00e9anmoins, en tant que parieur sportif, vous pouvez l\u00e9galement placer un pari sur un site de paris sportifs offshore.<\/p>\n\n\n\n<hr class=\"wp-block-separator\"\/>\n\n\n\n<h2 class=\"wp-block-heading\">Paris en ligne dans l&#039;Ohio<\/h2>\n\n\n\n<p>\u00c9tant donn\u00e9 que l&#039;Ohio n&#039;a pas encore adopt\u00e9 de lois autorisant les paris en personne, votre seule option qui n&#039;implique pas de d\u00e9placement est de parier en ligne via un bookmaker offshore.<\/p>\n\n\n\n<p>Nombre d&#039;entre eux se sont install\u00e9s dans les Cara\u00efbes et en Am\u00e9rique centrale pour r\u00e9pondre aux besoins de la client\u00e8le am\u00e9ricaine, en vertu d&#039;une interpr\u00e9tation souple du Wire Act qui leur permettrait d&#039;op\u00e9rer hors de port\u00e9e des forces de l&#039;ordre am\u00e9ricaines. Ces bookmakers offshore sont l\u00e9gitimes et de nombreux Am\u00e9ricains y jouent depuis le d\u00e9but des paris en ligne.<\/p>\n\n\n\n<p id=\"block-e4870f85-31c2-47b8-97bb-fcd11f0094e8\">Pour parier en ligne, vous devez ouvrir un compte, d\u00e9poser de l&#039;argent et maintenir un solde aupr\u00e8s d&#039;un bookmaker Internet.<\/p>\n\n\n\n<p id=\"block-dbe472c3-6cb0-48b0-964b-e13f084aa9b5\">Un compte de paris en ligne est un compte bancaire d\u00e9di\u00e9 sur lequel vous pouvez placer des paris. En cas de victoire, votre solde est cr\u00e9dit\u00e9 et augmente\u00a0; en cas de d\u00e9faite, il diminue. Si votre solde est \u00e0 z\u00e9ro, vous devrez effectuer un nouveau d\u00e9p\u00f4t pour continuer \u00e0 parier.<\/p>\n\n\n\n<p id=\"block-6604e4d9-e3f0-4bf5-be64-afd92c4d11b7\">Si vous gagnez plus que vous ne perdez et que votre solde augmente, vous pouvez demander un retrait et le bookmaker vous enverra le montant que vous avez demand\u00e9.<\/p>\n\n\n\n<p id=\"block-4cc9bb9e-4534-48fb-a44f-1dbe457f4cc0\">Les paris en ligne ont leurs avantages :<\/p>\n\n\n\n<p id=\"block-8e3ee331-87c4-4880-b337-fd2bf84bb002\"><strong>Commodit\u00e9 sans attente :<\/strong> Au lieu de faire la queue chez un bookmaker, allumez simplement votre ordinateur portable ou votre appareil mobile et vous voil\u00e0 pr\u00eat ! C&#039;est un avantage consid\u00e9rable pour les parieurs qui cherchent \u00e0 profiter de cotes exceptionnelles, contrairement \u00e0 ceux qui font la queue physiquement au guichet pour placer un pari.<\/p>\n\n\n\n<p><strong>Paris en jeu :<\/strong> De nombreux parieurs sportifs aiment parier sur le prochain match de basket-ball, de football am\u00e9ricain, la prochaine manche de baseball, etc. Les sites de paris sportifs sont si avanc\u00e9s qu&#039;ils peuvent proposer des paris en analysant les cotes en un clin d&#039;\u0153il. Un match rapide est un bon match, comme on dit.<\/p>\n\n\n\n<p><strong>Plus de cotes \u00e0 choisir<\/strong>Les sites de paris sportifs en ligne proposent des centaines de propositions de paris, trop nombreuses pour tenir sur un tableau. Vous constaterez qu&#039;en ligne, vous pouvez choisir parmi des milliers de paris.<\/p>\n\n\n\n<p><strong>Meilleures cotes :<\/strong> Les parieurs sportifs les plus avis\u00e9s aiment saisir l&#039;opportunit\u00e9 et miser gros sur les meilleures cotes. Aujourd&#039;hui, de nombreux parieurs sportifs poss\u00e8dent plusieurs comptes de paris sportifs en ligne, ce qui leur permet de comparer rapidement les offres offrant les meilleurs spreads et les meilleures cotes. <\/p>\n\n\n\n<hr class=\"wp-block-separator\"\/>\n\n\n\n<h2 class=\"wp-block-heading\">Paris sportifs dans l&#039;Ohio<\/h2>\n\n\n\n<p>Contrairement \u00e0 ce que beaucoup pensent, il est possible de parier en ligne depuis l&#039;Ohio. Il existe un r\u00e9seau complexe de lois f\u00e9d\u00e9rales et \u00e9tatiques, chacune comportant des nuances. <\/p>\n\n\n\n<figure class=\"wp-block-pullquote\"><blockquote><p>En substance, le TL;DR : vous pouvez parier en ligne depuis l&#039;Ohio sans enfreindre la loi.<\/p><\/blockquote><\/figure>\n\n\n\n<p>Nous ne cautionnons pas la violation des lois (qu&#039;elles soient f\u00e9d\u00e9rales, \u00e9tatiques ou locales du comt\u00e9 de l&#039;Ohio). Par cons\u00e9quent, bien que nous ayons interpr\u00e9t\u00e9 les lois suivantes en toute honn\u00eatet\u00e9, nous ne sommes pas avocats. Si vous avez besoin d&#039;un deuxi\u00e8me avis, nous vous encourageons vivement \u00e0 le faire.<\/p>\n\n\n\n<hr class=\"wp-block-separator\"\/>\n\n\n\n<h2 class=\"wp-block-heading\">Lois f\u00e9d\u00e9rales sur les paris sportifs<\/h2>\n\n\n\n<p>Pour expliquer pourquoi il est l\u00e9gal dans l\u2019Ohio de placer un pari sportif, nous commen\u00e7ons par la loi sur le contr\u00f4le du crime organis\u00e9 de 1955.<\/p>\n\n\n\n<p>Dans les ann\u00e9es 1950, la criminalit\u00e9 mafieuse \u00e9tait en hausse. Afin de r\u00e9duire et de contr\u00f4ler les activit\u00e9s mafieuses, la loi sur la lutte contre le crime organis\u00e9 a \u00e9t\u00e9 adopt\u00e9e pour endiguer les flux financiers li\u00e9s aux activit\u00e9s ill\u00e9gales. Cette loi fixait un seuil de 1\u00a0420\u00a0000\u00a0\u00a3 pour les revenus des jeux d&#039;argent et limitait le nombre de parieurs \u00e0 cinq.<\/p>\n\n\n\n<p>Cette premi\u00e8re l\u00e9gislation significative relative aux paris sportifs pose le th\u00e8me des lois qui tentent de restreindre les bookmakers sportifs plut\u00f4t que d&#039;interdire ou de p\u00e9naliser le parieur sportif.<\/p>\n\n\n\n<h2 class=\"wp-block-heading\">La loi Wire Act de 1961<\/h2>\n\n\n\n<p>Dans les ann\u00e9es 1960, la t\u00e9l\u00e9phonie a marqu\u00e9 une avanc\u00e9e technologique majeure. Les paris sportifs connaissaient une croissance rapide, notamment pour les courses hippiques. L&#039;\u00e8re Kennedy a men\u00e9 une guerre contre le crime organis\u00e9 et a introduit le Wire Act de 1961.<\/p>\n\n\n\n<p>La loi Wire Act visait \u00e0 perturber les paris sportifs plut\u00f4t que les parieurs sportifs.<\/p>\n\n\n\n<p>Bien s\u00fbr, les paris sportifs par t\u00e9l\u00e9phone sont quasiment obsol\u00e8tes aujourd&#039;hui. Cela cr\u00e9e donc une grande ambigu\u00eft\u00e9, car on ne sait pas clairement comment (le cas \u00e9ch\u00e9ant) le Wire Act pourrait s&#039;appliquer \u00e0 Internet.<\/p>\n\n\n\n<h2 class=\"wp-block-heading\">Loi de 1992 sur la protection du sport professionnel et amateur<\/h2>\n\n\n\n<p>\u00c0 la fin des ann\u00e9es 1980 et au d\u00e9but des ann\u00e9es 1990, plusieurs scandales ont \u00e9clat\u00e9 concernant des joueurs universitaires qui manquaient d\u00e9lib\u00e9r\u00e9ment des lancers francs lors de matchs de basket-ball. Cela a suscit\u00e9 un toll\u00e9 parmi les partisans de la lutte contre les jeux d&#039;argent, et le gouvernement f\u00e9d\u00e9ral a adopt\u00e9 l&#039;une des lois les plus destructrices pour le secteur \u00e0 ce jour. La PASPA a de fait retir\u00e9 aux \u00c9tats toute autorit\u00e9 pour autoriser toute forme de paris sportifs. M\u00eame si un \u00c9tat souhaitait exploiter sa propre loterie sportive, il ne le pourrait pas. L&#039;interdiction a \u00e9t\u00e9 appliqu\u00e9e \u00e0 tous les \u00c9tats am\u00e9ricains, \u00e0 l&#039;exception du Nevada.<\/p>\n\n\n\n<p>Nous tenons \u00e0 souligner que la loi PASPA ne fait aucune r\u00e9f\u00e9rence aux parieurs sportifs, mais UNIQUEMENT aux op\u00e9rateurs de paris sportifs. Par cons\u00e9quent, les paris sportifs en ligne offshore restent autoris\u00e9s et accept\u00e9s.<\/p>\n\n\n\n<p>Mais une autre loi est entr\u00e9e en vigueur en 2000, rendant encore plus difficile le placement de paris sportifs \u00e0 l&#039;\u00e9tranger.<\/p>\n\n\n\n<h2 class=\"wp-block-heading\">Loi de 2006 sur la r\u00e9pression des jeux ill\u00e9gaux sur Internet<\/h2>\n\n\n\n<p>Les paris sportifs sur les sites offshore ont \u00e9t\u00e9 encore plus restreints avec l&#039;entr\u00e9e en vigueur de l&#039;UIGEA. Cette loi a \u00e9t\u00e9 introduite dans un contexte de popularit\u00e9 croissante du poker en ligne exploit\u00e9 par des sites offshore. Certains l\u00e9gislateurs, inquiets du nombre excessif d&#039;Am\u00e9ricains jouant au poker en ligne, ont restreint le traitement des transactions vers des casinos offshore connus, des sites de poker et, malheureusement, des sites de paris sportifs.<\/p>\n\n\n\n<p>Mais encore une fois, nous tenons \u00e0 souligner que cela ne rend en aucun cas les paris sur un site de paris sportifs offshore ill\u00e9gaux pour un parieur.<\/p>\n\n\n\n<h2 class=\"wp-block-heading\">PASPA 2018 annul\u00e9<\/h2>\n\n\n\n<p>Dans une victoire pour les parieurs sportifs du pays (\u00e0 l&#039;exception du Nevada qui \u00e9tait d\u00e9j\u00e0 autoris\u00e9 \u00e0 proposer des paris sportifs), la Cour supr\u00eame a annul\u00e9 les lois f\u00e9d\u00e9rales PASPA qui emp\u00eachaient chaque \u00c9tat de d\u00e9terminer la l\u00e9gislation sur les paris sportifs de mani\u00e8re ind\u00e9pendante.<\/p>\n\n\n\n<p>Chaque \u00c9tat a r\u00e9agi diff\u00e9remment \u00e0 l&#039;annulation de la PASPA. Certains ont trouv\u00e9 \u00ab bof \u00bb, nos lois actuelles interdisant de toute fa\u00e7on toute forme de jeu (par exemple, l&#039;Utah), tandis que d&#039;autres ont rapidement abandonn\u00e9 la loi (comme la Pennsylvanie).<\/p>\n\n\n\n<blockquote class=\"wp-block-quote is-layout-flow wp-block-quote-is-layout-flow\"><p>Alors qu\u2019a fait l\u2019Ohio ?<\/p><\/blockquote>\n\n\n\n<hr class=\"wp-block-separator\"\/>\n\n\n\n<h2 class=\"wp-block-heading\">Lois sur les paris sportifs de l&#039;Ohio<\/h2>\n\n\n\n<p>Actuellement, la l\u00e9gislation de l&#039;\u00c9tat de l&#039;Ohio autorise quatre casinos situ\u00e9s \u00e0 diff\u00e9rents endroits g\u00e9ographiques de l&#039;Ohio \u00e0 proposer des jeux de hasard.<\/p>\n\n\n\n<p>Il existe \u00e9galement sept casinos hippodromes autoris\u00e9s \u00e0 exploiter commercialement des terminaux de loterie vid\u00e9o.<\/p>\n\n\n\n<p>Si les derniers projets de loi sur les paris sportifs \u00e9taient adopt\u00e9s, les \u00e9tablissements de jeux mentionn\u00e9s ci-dessus seraient autoris\u00e9s \u00e0 proposer des paris sportifs de d\u00e9tail sous la supervision de la Loterie de l&#039;\u00c9tat de l&#039;Ohio. Cette derni\u00e8re est autoris\u00e9e \u00e0 proposer des produits de loterie instantan\u00e9e et interactive, et deviendrait \u00e9galement l&#039;organisme de r\u00e9glementation des paris sportifs.<\/p>\n\n\n\n<p>La loi de l&#039;\u00c9tat de l&#039;Ohio n&#039;interdit pas express\u00e9ment les jeux de hasard interactifs (bien que certaines activit\u00e9s de casino interactif soient interdites), mais interdit aux op\u00e9rateurs interactifs terrestres d&#039;op\u00e9rer sur le march\u00e9.<\/p>\n\n\n\n<p>L&#039;\u00e2ge actuel pour jouer varie entre 18 ans pour les produits de loterie, de pari mutuel et de bingo (en direct et interactif) et 21 ans pour les paris sur les casinos et les machines \u00e0 sous. <\/p>\n\n\n\n<p><strong>Nous pr\u00e9voyons que l\u2019\u00e2ge l\u00e9gal pour parier sur le sport sera de 21 ans.<\/strong><\/p>\n\n\n\n<p>Passons en revue la chronologie des paris sportifs de l&#039;Ohio ci-dessous\u00a0:<\/p>\n\n\n\n<h3 class=\"wp-block-heading\">Octobre 2016 \u2013 Discussion sur les sports fantastiques quotidiens<\/h3>\n\n\n\n<p>Le s\u00e9nateur Bill Coley a pr\u00e9sent\u00e9 le projet de loi SB356 visant \u00e0 d\u00e9finir les sports fantasy quotidiens et autres jeux impliquant un rake comme des \u00ab\u00a0plans de hasard\u00a0\u00bb, ce qui les rendrait ill\u00e9gaux au regard des lois actuelles de l&#039;\u00c9tat sur les jeux d&#039;argent. Le projet de loi autorise l&#039;exploitation de ces jeux \u00e0 but non lucratif, \u00e0 condition que 1\u00a0001\u00a0TP3T des droits d&#039;entr\u00e9e soient revers\u00e9s aux participants sous forme de prix.<\/p>\n\n\n\n<h3 class=\"wp-block-heading\">D\u00e9cembre 2016 \u2013 tentative de r\u00e9gulation des sports fantastiques quotidiens<\/h3>\n\n\n\n<p>Les s\u00e9nateurs Dave Burke et Cliff Hite ont pr\u00e9sent\u00e9 un projet de loi visant \u00e0 autoriser et \u00e0 r\u00e9glementer les sports fantastiques quotidiens. Le projet de loi SB375 \u00e9tablit un cadre r\u00e9glementaire pour le secteur et confierait \u00e0 la Commission de contr\u00f4le des casinos l&#039;octroi de licences et la r\u00e9glementation des op\u00e9rateurs.<\/p>\n\n\n\n<h3 class=\"wp-block-heading\">Mars 2017 \u2013 Le Daily Fantasy Sports est un jeu d&#039;adresse<\/h3>\n\n\n\n<p>Le projet de loi HB132 a \u00e9t\u00e9 introduit pour classer les sports fantasy quotidiens comme des jeux d&#039;adresse et ainsi les retirer de la d\u00e9finition des jeux d&#039;argent ill\u00e9gaux de l&#039;\u00c9tat. Ce projet de loi \u00e9tablit un cadre r\u00e9glementaire pour encadrer le secteur et charge la Commission de contr\u00f4le des casinos d&#039;octroyer des licences aux op\u00e9rateurs et de superviser l&#039;activit\u00e9. Les frais de licence annuels sont fix\u00e9s \u00e0 143\u00a0000\u00a0TJS.<\/p>\n\n\n\n<h3 class=\"wp-block-heading\">D\u00e9cembre 2017 \u2013 Daily Fantasy Sports est sur le point d&#039;obtenir l&#039;approbation finale<\/h3>\n\n\n\n<p>Le projet de loi HB132 sur la r\u00e9glementation des sports fantasy quotidiens a \u00e9t\u00e9 adopt\u00e9 par les deux chambres du Parlement apr\u00e8s sa derni\u00e8re lecture. Il a ensuite \u00e9t\u00e9 transmis au gouverneur pour approbation finale.<\/p>\n\n\n\n<h3 class=\"wp-block-heading\">Mai 2018 \u2013 La l\u00e9galisation des paris sportifs est \u00e9voqu\u00e9e pour la premi\u00e8re fois<\/h3>\n\n\n\n<p>Le s\u00e9nateur Joe Schiavoni a annonc\u00e9 son intention de pr\u00e9senter un projet de loi visant \u00e0 r\u00e9glementer et \u00e0 l\u00e9galiser les paris sportifs dans tout l&#039;\u00c9tat apr\u00e8s que la d\u00e9cision de la Cour supr\u00eame a annul\u00e9 le PASPA.<\/p>\n\n\n\n<h3 class=\"wp-block-heading\">Juillet 2018 \u2013 Les premiers projets de loi sur les paris sportifs sont pr\u00e9sent\u00e9s \u00e0 la Chambre et au S\u00e9nat.<\/h3>\n\n\n\n<p>Les s\u00e9nateurs John Eklund et Sean O&#039;Brien ont pr\u00e9sent\u00e9 le projet de loi SB316, tandis que le repr\u00e9sentant \u00e0 la Chambre des repr\u00e9sentants David Greenspan a pr\u00e9sent\u00e9 le projet de loi HB714, qui vise \u00e0 \u00e9laborer et \u00e0 promulguer une loi visant \u00e0 l\u00e9galiser les paris sportifs dans tout l&#039;\u00c9tat. Aucun d\u00e9tail concernant le cadre r\u00e9glementaire potentiel n&#039;a \u00e9t\u00e9 inclus dans ces deux projets de loi \u00e0 ce stade.<\/p>\n\n\n\n<h3 class=\"wp-block-heading\">Mars 2019 \u2013 L\u00e9galisation des paris sportifs dans les casinos de l&#039;Ohio<\/h3>\n\n\n\n<p>Les s\u00e9nateurs John Eklund et Sean O&#039;Brien ont pr\u00e9sent\u00e9 un projet de loi visant \u00e0 autoriser et \u00e0 r\u00e9glementer les paris sportifs. Le projet de loi SB111 permettrait aux casinos et aux hippodromes de l&#039;\u00c9tat de proposer des paris sportifs terrestres et interactifs et proposait une taxe de 6,251 TP3T sur les gains bruts.<\/p>\n\n\n\n<h3 class=\"wp-block-heading\">Avril 2019 \u2013 Le Conseil consultatif des jeux sportifs de l&#039;Ohio est propos\u00e9 comme organisme de r\u00e9glementation.<\/h3>\n\n\n\n<p>Les repr\u00e9sentants Dave Greenspan et Brigid Kelly ont pr\u00e9sent\u00e9 un projet de loi visant \u00e0 autoriser et \u00e0 r\u00e9glementer les paris sportifs. Le projet de loi HB194 l\u00e9galiserait cette activit\u00e9 dans l&#039;\u00c9tat et cr\u00e9erait le Conseil consultatif sur les jeux sportifs, charg\u00e9 d&#039;\u00e9laborer une r\u00e9glementation pour encadrer ce secteur. Le projet de loi proposait une taxe 10% sur les gains bruts.<\/p>\n\n\n\n<h3 class=\"wp-block-heading\">Ao\u00fbt 2019 \u2013 La Commission de contr\u00f4le des casinos de l&#039;Ohio approuve la r\u00e9glementation du Daily Fantasy Sport<\/h3>\n\n\n\n<p>La Commission de contr\u00f4le des casinos a donn\u00e9 son approbation finale aux r\u00e9glementations r\u00e9gissant les jeux de sports fantastiques quotidiens dans l&#039;\u00c9tat et a annonc\u00e9 qu&#039;elle commencerait le processus d&#039;octroi de licences le 3 septembre 2019. La Commission a d\u00e9clar\u00e9 que les op\u00e9rateurs d\u00e9j\u00e0 actifs dans l&#039;\u00c9tat doivent soumettre des demandes avant le 3 octobre 2019 afin de continuer sans interruption.<\/p>\n\n\n\n<h3 class=\"wp-block-heading\">Octobre 2019 \u2013 La Commission de la loterie de l&#039;Ohio est propos\u00e9e comme organisme de r\u00e9glementation<\/h3>\n\n\n\n<p>La commission des finances de la Chambre de l&#039;Ohio a repris les audiences sur le projet de loi SB194 qui r\u00e9glementerait les paris sportifs en ligne et au d\u00e9tail sous la supervision de la Commission de loterie de l&#039;Ohio.<\/p>\n\n\n\n<h3 class=\"wp-block-heading\">Mai 2020 \u2013 Le projet de loi SB194 sur les paris sportifs en ligne et au d\u00e9tail est adopt\u00e9 \u00e0 la Chambre, maintenant au S\u00e9nat !<\/h3>\n\n\n\n<p>La Chambre a approuv\u00e9 le projet de loi SB194 sur les paris sportifs, qui autoriserait et r\u00e9glementerait les paris sportifs en ligne et au d\u00e9tail. Le projet de loi a ensuite \u00e9t\u00e9 soumis au S\u00e9nat pour approbation.<\/p>\n\n\n\n<hr class=\"wp-block-separator\"\/>\n\n\n\n<h2 class=\"wp-block-heading\">FAQ<\/h2>\n\n\n\n<h3 class=\"wp-block-heading\">Les paris sportifs sont-ils l\u00e9gaux dans l\u2019Ohio ?<\/h3>\n\n\n\n<p>Oui, parier sur un sport est l\u00e9gal dans l&#039;Ohio, mais il est ill\u00e9gal pour les bookmakers locaux d&#039;op\u00e9rer. Il est \u00e9galement ill\u00e9gal pour les banques de faciliter les transactions offshore vers des casinos, des sites de poker et des sites de paris sportifs offshore. En revanche, placer un pari sportif sur un site de paris sportifs offshore reste l\u00e9gal.<\/p>\n\n\n\n<h3 class=\"wp-block-heading\">Puis-je placer un pari aupr\u00e8s d&#039;un bookmaker sportif de l&#039;Ohio ?<\/h3>\n\n\n\n<p>Actuellement, les lois de l&#039;\u00c9tat de l&#039;Ohio n&#039;ont pas encore adopt\u00e9 de lois sur les paris sportifs qui permettraient \u00e0 un bookmaker de fonctionner \u00e0 terre.<\/p>\n\n\n\n<h3 class=\"wp-block-heading\">Quel est l&#039;\u00e2ge l\u00e9gal pour placer un pari chez un bookmaker offshore ?<\/h3>\n\n\n\n<p>Chaque site de paris sportifs accepte l&#039;\u00e2ge minimum l\u00e9gal. Cependant, veuillez noter que la l\u00e9gislation locale relative \u00e0 l&#039;\u00e2ge minimum pour jouer peut \u00e9galement s&#039;appliquer. En effet, m\u00eame si parier sur un sport est l\u00e9gal, l&#039;\u00e2ge minimum l\u00e9gal pour parier dans l&#039;\u00c9tat s&#039;applique. Dans le cas pr\u00e9sent, pour les parieurs sportifs de l&#039;Ohio, cet \u00e2ge est de 21 ans.<\/p>","protected":false},"excerpt":{"rendered":"<p>Sports wagering in Ohio has seen a surge after a challenging start in 2020. As both professional and collegiate sports return, despite facing certain restrictions, there has been a growth in betting activities related to sports. Ohio sport bettors can place bets legally at online sport books that are based offshore. There is a misconception [&#8230;]<\/p>\n<p><a class=\"btn btn-secondary understrap-read-more-link\" href=\"http:\/\/www.recxl.com\/fr\/oh-ohio-sports-betting-sites-2020\/\">Lire la suite&#8230;<\/a><\/p>","protected":false},"author":4,"featured_media":0,"parent":0,"menu_order":102,"comment_status":"closed","ping_status":"closed","template":"","meta":{"footnotes":""},"class_list":["post-4274","page","type-page","status-publish","hentry"],"_links":{"self":[{"href":"http:\/\/www.recxl.com\/fr\/wp-json\/wp\/v2\/pages\/4274","targetHints":{"allow":["GET"]}}],"collection":[{"href":"http:\/\/www.recxl.com\/fr\/wp-json\/wp\/v2\/pages"}],"about":[{"href":"http:\/\/www.recxl.com\/fr\/wp-json\/wp\/v2\/types\/page"}],"author":[{"embeddable":true,"href":"http:\/\/www.recxl.com\/fr\/wp-json\/wp\/v2\/users\/4"}],"replies":[{"embeddable":true,"href":"http:\/\/www.recxl.com\/fr\/wp-json\/wp\/v2\/comments?post=4274"}],"version-history":[{"count":19,"href":"http:\/\/www.recxl.com\/fr\/wp-json\/wp\/v2\/pages\/4274\/revisions"}],"predecessor-version":[{"id":18805,"href":"http:\/\/www.recxl.com\/fr\/wp-json\/wp\/v2\/pages\/4274\/revisions\/18805"}],"wp:attachment":[{"href":"http:\/\/www.recxl.com\/fr\/wp-json\/wp\/v2\/media?parent=4274"}],"curies":[{"name":"wp","href":"https:\/\/api.w.org\/{rel}","templated":true}]}}