{"id":1373,"date":"2026-03-23T08:54:01","date_gmt":"2026-03-23T08:54:01","guid":{"rendered":"http:\/\/www.recxl.com\/?page_id=1373---5458123a-43d3-42b8-8cdb-54d22144bf65"},"modified":"2026-03-23T08:54:01","modified_gmt":"2026-03-23T08:54:01","slug":"alaska","status":"publish","type":"page","link":"https:\/\/www.recxl.com\/fr\/us-casinos\/alaska\/","title":{"rendered":"[AK] Bingo, casino et paris sportifs en Alaska [2024]"},"content":{"rendered":"<div class=\"wp-block-image\"><figure class=\"alignright size-thumbnail\"><img decoding=\"async\" width=\"150\" height=\"150\" src=\"http:\/\/www.recxl.com\/wp-content\/uploads\/2020\/06\/Alaska-Online-Casino-150x150.png\" alt=\"\" class=\"wp-image-1376\"\/><\/figure><\/div>\n\n\n\n<p>L&#039;Alaska est souvent associ\u00e9 \u00e0 son climat froid, mais il pourrait aussi \u00eatre une destination pris\u00e9e pour des profits impressionnants\u00a0! M\u00eame si cela peut para\u00eetre st\u00e9r\u00e9otyp\u00e9, il est vrai que les casinos en ligne offrent bien plus qu&#039;une ambiance froide. Situ\u00e9 au nord-ouest de l&#039;Am\u00e9rique du Nord, l&#039;Alaska ne poss\u00e8de aucun casino physique, ni aucune salle de machines \u00e0 sous ou de jeux de cartes.<\/p>\n\n\n\n<h2 class=\"wp-block-heading\">Jeux d&#039;argent en ligne<\/h2>\n\n\n\n<p>Il n&#039;existe aucun op\u00e9rateur en ligne terrestre r\u00e9glement\u00e9 par l&#039;\u00c9tat. Toute forme de jeu de casino commercial est interdite. Cependant, certains op\u00e9rateurs offshore en ligne acceptent les joueurs d&#039;Alaska.<\/p>\n\n\n\n<p>L&#039;Alaska est l&#039;un des rares \u00c9tats am\u00e9ricains \u00e0 ne pas exploiter de loterie d&#039;\u00c9tat. De plus, il ne participe \u00e0 aucune loterie intra-\u00e9tatique comme le Powerball ou le Mega Millions. Il n&#039;existe pas de casinos terrestres commerciaux, car ils sont interdits par la loi. Les casinos tribaux sont autoris\u00e9s conform\u00e9ment aux accords tribaux conclus avec le gouvernement f\u00e9d\u00e9ral.<\/p>\n\n\n\n<h2 class=\"wp-block-heading\">Top 3 des sites de bingo en Alaska<\/h2>\n\n\n\t\t\t\t\t\t<div class=\"row\">\r\n\t <div class=\"col-sm-12\">\r\n\r\n\t\t <div class=\"ad-table-header\">\r\n\t\t\t <div class=\"row\">\r\n\t\t\t\t <div class=\"col-sm-3\">\r\n\t\t\t\t\t <div class=\"row\">\r\n\r\n\t\t\t\t\t\t <div class=\"col-sm-12\">\r\n\t\t\t\t\t\t\t CASINO\r\n\t\t\t\t\t\t <\/div>\r\n\r\n\t\t\t\t\t <\/div>\r\n\t\t\t\t <\/div>\r\n\t\t\t\t <div class=\"col-sm-4\">\r\n\t\t\t\t\t PRIME\r\n\t\t\t\t <\/div>\r\n\t\t\t\t <div class=\"col-sm-2\">\r\n\t\t\t\t\t CODE\r\n\t\t\t\t <\/div>\r\n\t\t\t\t <div class=\"col-sm-3\">\r\n\t\t\t\t\t JOUEZ MAINTENANT\r\n\t\t\t\t <\/div>\r\n\t\t\t <\/div>\r\n\t\t <\/div>\r\n\r\n\r\n\r\n\t\t <div class=\"ranking-table text-center\">\r\n\t\t\t <div class=\"row flex\">\r\n\t\t\t\t <div class=\"col-sm-3\">\r\n\t\t\t\t\t <div class=\"row\">\r\n\r\n\t\t\t\t\t\t <div class=\"col-sm-3\">\r\n\t\t\t\t\t\t\t <div class=\"ranking-number text-center\">\r\n\t\t\t\t\t\t\t\t 1\r\n\t\t\t\t\t\t\t <\/div>\r\n\t\t\t\t\t\t <\/div>\r\n\t\t\t\t\t\t <div class=\"col-sm-9\">\r\n\t\t\t\t\t\t\t <img decoding=\"async\" src=\"https:\/\/www.gambledex.com\/wp-content\/uploads\/2019\/06\/bingo-spirit-logo.png\">\r\n\t\t\t\t\t\t <\/div>\r\n\t\t\t\t\t <\/div>\r\n\t\t\t\t <\/div>\r\n\t\t\t\t <div class=\"col-sm-4\">\r\n\t\t\t\t\t <div class=\"bonus-text text-center\">10 TOURS GRATUITS + <span class=\"red\">$25 GRATUIT<\/span><\/div>\r\n\t\t\t\t\t <div class=\"bonus-type text-center\">Bonus de bienvenue<\/div>\r\n\r\n\r\n\t\t\t\t <\/div>\r\n\t\t\t\t <div class=\"col-sm-2\">\r\n\t\t\t\t\t <div class=\"bonus-code\"><span id=\"bonus-label\"><\/span><\/div>\r\n\t\t\t\t <\/div>\r\n\t\t\t\t <div class=\"col-sm-3\">\r\n\t\t\t\t\t <a rel=\"nofollow\" target=\"_blank\" class=\"empty-btn red\" href=\"https:\/\/www.gambledex.com\/go\/bingo-spirit-homepage\/\">Jouer maintenant<\/a>\r\n\r\n\t\t\t\t <\/div>\r\n\t\t\t <\/div>\r\n\t\t <\/div>\r\n\r\n\r\n\t\t <div class=\"ranking-table text-center\">\r\n\t\t\t <div class=\"row flex\">\r\n\t\t\t\t <div class=\"col-sm-3\">\r\n\t\t\t\t\t <div class=\"row\">\r\n\r\n\t\t\t\t\t\t <div class=\"col-sm-3\">\r\n\t\t\t\t\t\t\t <div class=\"ranking-number text-center\">\r\n\t\t\t\t\t\t\t\t 2\r\n\t\t\t\t\t\t\t <\/div>\r\n\t\t\t\t\t\t <\/div>\r\n\t\t\t\t\t\t <div class=\"col-sm-9\">\r\n\t\t\t\t\t\t\t <img decoding=\"async\" src=\"https:\/\/www.gambledex.com\/wp-content\/uploads\/2019\/06\/bingo-fest-logo.png\">\r\n\t\t\t\t\t\t <\/div>\r\n\t\t\t\t\t <\/div>\r\n\t\t\t\t <\/div>\r\n\t\t\t\t <div class=\"col-sm-4\">\r\n\t\t\t\t\t <div class=\"bonus-text text-center\">10 TOURS GRATUITS + <span class=\"red\">$25 GRATUIT<\/span><\/div>\r\n\t\t\t\t\t <div class=\"bonus-type text-center\">Bonus de bienvenue<\/div>\r\n\r\n\r\n\t\t\t\t <\/div>\r\n\t\t\t\t <div class=\"col-sm-2\">\r\n\t\t\t\t\t <div class=\"bonus-code\"><span id=\"bonus-label\"><\/span><\/div>\r\n\r\n\r\n\t\t\t\t <\/div>\r\n\t\t\t\t <div class=\"col-sm-3\">\r\n\t\t\t\t\t <a rel=\"nofollow\" target=\"_blank\" class=\"empty-btn red\" href=\"https:\/\/www.gambledex.com\/go\/bingofest\/\">Jouer maintenant<\/a>\r\n\r\n\t\t\t\t <\/div>\r\n\t\t\t <\/div>\r\n\t\t <\/div>\r\n\r\n\t\t <div class=\"ranking-table text-center\">\r\n\t\t\t <div class=\"row flex\">\r\n\t\t\t\t <div class=\"col-sm-3\">\r\n\t\t\t\t\t <div class=\"row\">\r\n\r\n\t\t\t\t\t\t <div class=\"col-sm-3\">\r\n\t\t\t\t\t\t\t <div class=\"ranking-number text-center\">\r\n\t\t\t\t\t\t\t\t 3\r\n\t\t\t\t\t\t\t <\/div>\r\n\t\t\t\t\t\t <\/div>\r\n\t\t\t\t\t\t <div class=\"col-sm-9\">\r\n\t\t\t\t\t\t\t <img decoding=\"async\" src=\"https:\/\/www.gambledex.com\/wp-content\/uploads\/2019\/06\/cyber-bingo-logo.png\">\r\n\t\t\t\t\t\t <\/div>\r\n\t\t\t\t\t <\/div>\r\n\t\t\t\t <\/div>\r\n\t\t\t\t <div class=\"col-sm-4\">\r\n\t\t\t\t\t <div class=\"bonus-text text-center\">10 TOURS GRATUITS + <span class=\"red\">$25 GRATUIT<\/span><\/div>\r\n\t\t\t\t\t <div class=\"bonus-type text-center\">Bonus de bienvenue<\/div>\r\n\r\n\r\n\t\t\t\t <\/div>\r\n\t\t\t\t <div class=\"col-sm-2\">\r\n\t\t\t\t <div class=\"bonus-code\">\r\n\t\t\t\t\t <span id=\"bonus-label\"><\/span>\r\n\t\t\t\t <\/div>\r\n\r\n\t\t\t\t <\/div>\r\n\t\t\t\t <div class=\"col-sm-3\">\r\n\t\t\t\t\t <a rel=\"nofollow\" target=\"_blank\" class=\"empty-btn red\" href=\"https:\/\/www.gambledex.com\/go\/cyberbingo\/\">Jouer maintenant<\/a>\r\n\r\n\t\t\t\t <\/div>\r\n\t\t\t <\/div>\r\n\t\t <\/div>\r\n\t\t <\/div>\r\n\t\t <\/div>\r\n\n\n\n\n<h2 class=\"wp-block-heading\">Lois sur les jeux de hasard<\/h2>\n\n\n\n<ul class=\"wp-block-list\"><li>Sont autoris\u00e9s les casinos tribaux agr\u00e9\u00e9s qui op\u00e8rent sur des terres indiennes.<\/li><li>Les jeux de bienfaisance sous licence sont \u00e9galement autoris\u00e9s, tels que le bingo, les tirages \u00e0 languettes, les tombolas et la loterie.<\/li><li>Il n\u2019existe pas de loi explicite interdisant les jeux d\u2019argent en ligne, mais il existe une interdiction explicite des op\u00e9rateurs commerciaux onshore.<\/li><li>Les jeux de casino sont donc consid\u00e9r\u00e9s comme ill\u00e9gaux \u00e0 terre, mais les navires de croisi\u00e8re sont autoris\u00e9s \u00e0 circuler dans les eaux internationales et \u00e0 proposer des jeux.<\/li><li>Les jeux sociaux sont autoris\u00e9s dans l\u2019\u00c9tat.<\/li><\/ul>\n\n\n\n<h2 class=\"wp-block-heading\">\u00c2ge minimum l\u00e9gal pour jouer<\/h2>\n\n\n\n<p>L&#039;\u00e2ge minimum l\u00e9gal pour jouer au bingo est de 19 ans.<\/p>\n\n\n\n<h2 class=\"wp-block-heading\">Taxes sur les jeux de hasard<\/h2>\n\n\n\n<p>\u2022 Les jeux de hasard \u00e0 des fins caritatives sont soumis \u00e0 une taxe de 1% bas\u00e9e sur le produit net.<br>\u2022 Les languettes de tirage sont soumises \u00e0 une taxe 3%.<\/p>\n\n\n\n<h2 class=\"wp-block-heading\">R\u00e9gulation et gouvernance<\/h2>\n\n\n\n<p>Division des imp\u00f4ts du minist\u00e8re du Revenu<\/p>\n\n\n\n<h2 class=\"wp-block-heading\">L\u00e9gislation sur les jeux de hasard<\/h2>\n\n\n\n<p>Lois de l&#039;Alaska<\/p>\n\n\n\n<h2 class=\"wp-block-heading\">Actualit\u00e9s sur les jeux d&#039;argent<\/h2>\n\n\n\n<p>Par rapport aux autres \u00c9tats am\u00e9ricains, l\u2019Alaska poss\u00e8de l\u2019une des lois les plus prohibitives en mati\u00e8re de jeux d\u2019argent. <\/p>\n\n\n\n<p>Il n\u2019y a que quelques exceptions :<\/p>\n\n\n\n<ul class=\"wp-block-list\"><li>Certains navires de croisi\u00e8re sont autoris\u00e9s \u00e0 partir des fronti\u00e8res de l&#039;Alaska vers les eaux internationales et \u00e0 proposer des jeux de casino.<\/li><li>Le D\u00e9partement des imp\u00f4ts, Division des imp\u00f4ts, supervise les jeux de hasard caritatifs \u00e0 l&#039;\u00e9tranger et applique la loi strictement.<\/li><\/ul>\n\n\n\n<p><strong>F\u00e9vrier 2020<\/strong> \u2013 La l\u00e9gislation sur les loteries a de nouveau \u00e9t\u00e9 modifi\u00e9e, cette fois par le gouverneur Mike Dunleavy qui a pr\u00e9sent\u00e9 le projet de loi SB 188. Ce projet de loi s\u00e9natorial autoriserait l&#039;exploitation d&#039;une loterie d&#039;\u00c9tat. Les produits propos\u00e9s comprendraient des tirages, des cartes \u00e0 gratter et la participation \u00e0 des loteries multi-juridictionnelles. L&#039;Alaska reste l&#039;un des rares \u00c9tats \u00e0 ne pas proposer de loterie.<\/p>\n\n\n\n<p><strong>Mars 2017 <\/strong>Le s\u00e9nateur Click Bishop a tent\u00e9 de modifier la loi sur la loterie. Il a pr\u00e9sent\u00e9 le projet de loi SB78 \u2013 la commission s\u00e9natoriale de l&#039;\u00e9ducation \u2013 qui autoriserait l&#039;exploitation d&#039;une loterie d&#039;\u00c9tat. Le projet de loi du S\u00e9nat n&#039;a pas \u00e9t\u00e9 adopt\u00e9.<\/p>","protected":false},"excerpt":{"rendered":"<p>Alaska is often associated with its cold climate, but it could also be a hotspot for impressive profits! While it may seem like a stereotypical opener, it&#8217;s true that online casinos provide more than a cold ambiance. Situated in the northwest part of North America, Alaska does not have any physical casinos, nor does it [&#8230;]<\/p>\n<p><a class=\"btn btn-secondary understrap-read-more-link\" href=\"https:\/\/www.recxl.com\/fr\/us-casinos\/alaska\/\">Lire la suite&#8230;<\/a><\/p>","protected":false},"author":4,"featured_media":0,"parent":1413,"menu_order":176,"comment_status":"open","ping_status":"closed","template":"","meta":{"footnotes":""},"class_list":["post-1373","page","type-page","status-publish","hentry"],"_links":{"self":[{"href":"https:\/\/www.recxl.com\/fr\/wp-json\/wp\/v2\/pages\/1373","targetHints":{"allow":["GET"]}}],"collection":[{"href":"https:\/\/www.recxl.com\/fr\/wp-json\/wp\/v2\/pages"}],"about":[{"href":"https:\/\/www.recxl.com\/fr\/wp-json\/wp\/v2\/types\/page"}],"author":[{"embeddable":true,"href":"https:\/\/www.recxl.com\/fr\/wp-json\/wp\/v2\/users\/4"}],"replies":[{"embeddable":true,"href":"https:\/\/www.recxl.com\/fr\/wp-json\/wp\/v2\/comments?post=1373"}],"version-history":[{"count":24,"href":"https:\/\/www.recxl.com\/fr\/wp-json\/wp\/v2\/pages\/1373\/revisions"}],"predecessor-version":[{"id":19057,"href":"https:\/\/www.recxl.com\/fr\/wp-json\/wp\/v2\/pages\/1373\/revisions\/19057"}],"up":[{"embeddable":true,"href":"https:\/\/www.recxl.com\/fr\/wp-json\/wp\/v2\/pages\/1413"}],"wp:attachment":[{"href":"https:\/\/www.recxl.com\/fr\/wp-json\/wp\/v2\/media?parent=1373"}],"curies":[{"name":"wp","href":"https:\/\/api.w.org\/{rel}","templated":true}]}}