{"id":1427,"date":"2026-03-23T05:21:54","date_gmt":"2026-03-23T05:21:54","guid":{"rendered":"http:\/\/www.recxl.com\/?page_id=1427---c5a91bf4-6587-4558-a473-94cc50cc9277"},"modified":"2026-03-23T05:21:54","modified_gmt":"2026-03-23T05:21:54","slug":"district-of-columbia","status":"publish","type":"page","link":"https:\/\/www.recxl.com\/fr\/us-casinos\/district-of-columbia\/","title":{"rendered":"[DC] Bingo, casino et paris sportifs \u00e0 Washington DC [2024]"},"content":{"rendered":"<div class=\"wp-block-image\"><figure class=\"alignright size-large is-resized\"><img decoding=\"async\" src=\"http:\/\/www.recxl.com\/wp-content\/uploads\/2020\/06\/image-13.png\" alt=\"Washington DC Online Casinos | Slots | Live Dealers | Fastpay | US | Bitcoin | Best Bonuses\" class=\"wp-image-1428\" width=\"126\" height=\"68\" srcset=\"https:\/\/www.recxl.com\/wp-content\/uploads\/2020\/06\/image-13.png 505w, https:\/\/www.recxl.com\/wp-content\/uploads\/2020\/06\/image-13-300x162.png 300w\" sizes=\"(max-width: 126px) 100vw, 126px\" \/><\/figure><\/div>\n\n\n\n<p>Situ\u00e9 entre la Virginie et le Maryland, le District de Columbia est habilit\u00e9 \u00e0 l\u00e9gif\u00e9rer sur les jeux d&#039;argent. Les habitants de Washington D.C. ont ainsi acc\u00e8s \u00e0 un large \u00e9ventail de jeux d&#039;argent en ligne propos\u00e9s par divers op\u00e9rateurs de casinos internationaux.<\/p>\n\n\n\n<hr class=\"wp-block-separator\"\/>\n\n\n\n<h2 class=\"wp-block-heading\">Jeux d&#039;argent en ligne<\/h2>\n\n\n\n<ul class=\"wp-block-list\"><li>La loterie du district de Columbia d\u00e9tient une licence exclusive pour exploiter tous les produits de loterie terrestres<\/li><li>La loterie et les jeux de bienfaisance sont les seules formes de jeu autoris\u00e9es.<\/li><li>Il n&#039;existe pas d&#039;op\u00e9rateurs terrestres en ligne r\u00e9glement\u00e9s par l&#039;\u00c9tat, certains op\u00e9rateurs offshore continuent d&#039;accepter les joueurs du District de Columbia<\/li><\/ul>\n\n\n\n<hr class=\"wp-block-separator\"\/>\n\n\n\n<h2 class=\"wp-block-heading\">Les 5 meilleurs casinos en ligne de Washington DC<\/h2>\n\n\n<div class=\"row\">\r\n\t\t<div class=\"col-md-12\">\r\n\t\t\t<div class=\"table-responsive-lg\">\r\n\t\t\t\t<table cellspacing=\"0\" class=\"casino-table\">\r\n\t\t\t\t\t<thead>\r\n\t\t\t\t\t\t<tr class=\"text-secondary d-none d-md-table-row\" style=\"height: 54px;\">\r\n\t\t\t\t\t\t\t<th><span class=\"flag-icon flag-icon-us\"><\/th>\r\n\t\t\t\t\t\t\t<th class=\"text-center\" scope=\"col\">CASINO<\/th>\r\n\t\t\t\t\t\t\t<th class=\"text-center\" scope=\"col\">NOTATION<\/th>\r\n                            <th scope=\"col\" class=\"text-center\">PRIME<\/th>\r\n                            <th scope=\"col\" class=\"text-center\">JOUER<\/th><\/tr>\r\n\t\t\t\t\t<\/thead>\r\n\t\t\t\t\t<tbody>\r\n                <tr>\r\n                    <td><span class=\"ranking-number\">1<\/span><\/td>\r\n                    <td class=\"casino-logo\"><a rel=\"nofollow\" target=\"_blank\" href=\"https:\/\/www.recxl.com\/fr\/go\/el-royale-casino-homepage\/\"><img decoding=\"async\" class=\"mx-auto\" src=\"https:\/\/www.recxl.com\/wp-content\/uploads\/2020\/04\/el-royale-casino-logo-2.png\" alt=\"el-royale-casino-logo-2\"><\/a>\r\n                    <span class=\"casino-name\">El Royale Casino<\/span>\r\n                    <\/td>\r\n                    <td class=\"honesty-rating\"><div class=\"d-none\">\u2b50\u2b50\u2b50\u2b50\u2b50<\/div>\r\n                    <i class=\"fa fa-star\" aria-hidden=\"true\"><\/i><i class=\"fa fa-star\" aria-hidden=\"true\"><\/i><i class=\"fa fa-star\" aria-hidden=\"true\"><\/i><i class=\"fa fa-star\" aria-hidden=\"true\"><\/i><i class=\"fa fa-star\" aria-hidden=\"true\"><\/i><\/td>\r\n                    <td class=\"bonus-details\">\r\n                        <div class=\"bonus-text\">250% jusqu&#039;\u00e0 $12 500<\/div> <span class=\"bonus-text-type\">Bonus de bienvenue<\/span><\/td>\r\n                    <td class=\"play text-center\">\r\n                        <a rel=\"nofollow\" target=\"_blank\" class=\"empty-btn red\" href=\"https:\/\/www.recxl.com\/fr\/go\/el-royale-casino-homepage\/\">Jouer maintenant<\/a>\r\n                        \r\n\t\t\t\t\t\t\t\t\t\t\t\t\t\t\t\t\t\t\t\t<\/td>\r\n\t\t\t\t\t\t\t\t\t\t\t\t\t\t\t\t\t\t\t<\/tr>\r\n                <tr>\r\n                    <td><span class=\"ranking-number\">2<\/span><\/td>\r\n                    <td class=\"casino-logo\"><a rel=\"nofollow\" target=\"_blank\" href=\"https:\/\/www.recxl.com\/fr\/go\/bovada-homepage\/\"><img decoding=\"async\" class=\"mx-auto\" src=\"https:\/\/www.recxl.com\/wp-content\/uploads\/2019\/09\/bovada-logo-1-1.png\" alt=\"bovada-logo-1 (1)\"><\/a>\r\n                    <span class=\"casino-name\">Bovada<\/span>\r\n                    <\/td>\r\n                    <td class=\"honesty-rating\"><div class=\"d-none\">\u2b50\u2b50\u2b50\u2b50\u2b50<\/div>\r\n                    <i class=\"fa fa-star\" aria-hidden=\"true\"><\/i><i class=\"fa fa-star\" aria-hidden=\"true\"><\/i><i class=\"fa fa-star\" aria-hidden=\"true\"><\/i><i class=\"fa fa-star\" aria-hidden=\"true\"><\/i><i class=\"fa fa-star\" aria-hidden=\"true\"><\/i><\/td>\r\n                    <td class=\"bonus-details\">\r\n                        <div class=\"bonus-text\">100% jusqu&#039;\u00e0 $3 000<\/div> <span class=\"bonus-text-type\">Bonus de bienvenue<\/span><\/td>\r\n                    <td class=\"play text-center\">\r\n                        <a rel=\"nofollow\" target=\"_blank\" class=\"empty-btn red\" href=\"https:\/\/www.recxl.com\/fr\/go\/bovada-homepage\/\">Jouer maintenant<\/a>\r\n                        \r\n\t\t\t\t\t\t\t\t\t\t\t\t\t\t\t\t\t\t\t\t<\/td>\r\n\t\t\t\t\t\t\t\t\t\t\t\t\t\t\t\t\t\t\t<\/tr>\r\n                <tr>\r\n                    <td><span class=\"ranking-number\">3<\/span><\/td>\r\n                    <td class=\"casino-logo\"><a rel=\"nofollow\" target=\"_blank\" href=\"https:\/\/www.recxl.com\/fr\/go\/vegas-casino-online-homepage\/\"><img decoding=\"async\" class=\"mx-auto\" src=\"https:\/\/www.recxl.com\/wp-content\/uploads\/2020\/01\/vegas-casino-online-logo.png\" alt=\"vegas-casino-online-logo\"><\/a>\r\n                    <span class=\"casino-name\">Casino en ligne de Vegas<\/span>\r\n                    <\/td>\r\n                    <td class=\"honesty-rating\"><div class=\"d-none\">\u2b50\u2b50\u2b50\u2b50\u2b50<\/div>\r\n                    <i class=\"fa fa-star\" aria-hidden=\"true\"><\/i><i class=\"fa fa-star\" aria-hidden=\"true\"><\/i><i class=\"fa fa-star\" aria-hidden=\"true\"><\/i><i class=\"fa fa-star\" aria-hidden=\"true\"><\/i><i class=\"fa fa-star\" aria-hidden=\"true\"><\/i><\/td>\r\n                    <td class=\"bonus-details\">\r\n                        <div class=\"bonus-text\">400% jusqu&#039;\u00e0 $10 000<\/div> <span class=\"bonus-text-type\">Bonus de bienvenue<\/span><\/td>\r\n                    <td class=\"play text-center\">\r\n                        <a rel=\"nofollow\" target=\"_blank\" class=\"empty-btn red\" href=\"https:\/\/www.recxl.com\/fr\/go\/vegas-casino-online-homepage\/\">Jouer maintenant<\/a>\r\n                        \r\n\t\t\t\t\t\t\t\t\t\t\t\t\t\t\t\t\t\t\t\t<\/td>\r\n\t\t\t\t\t\t\t\t\t\t\t\t\t\t\t\t\t\t\t<\/tr>\r\n                <tr>\r\n                    <td><span class=\"ranking-number\">4<\/span><\/td>\r\n                    <td class=\"casino-logo\"><a rel=\"nofollow\" target=\"_blank\" href=\"https:\/\/www.recxl.com\/fr\/go\/slots-empire-homepage\/\"><img decoding=\"async\" class=\"mx-auto\" src=\"https:\/\/www.recxl.com\/wp-content\/uploads\/2020\/06\/slots-empire-casino-logo-1.png\" alt=\"slots-empire-casino-logo-1\"><\/a>\r\n                    <span class=\"casino-name\">Slots Empire<\/span>\r\n                    <\/td>\r\n                    <td class=\"honesty-rating\"><div class=\"d-none\">\u2b50\u2b50\u2b50\u2b50\u2b50<\/div>\r\n                    <i class=\"fa fa-star\" aria-hidden=\"true\"><\/i><i class=\"fa fa-star\" aria-hidden=\"true\"><\/i><i class=\"fa fa-star\" aria-hidden=\"true\"><\/i><i class=\"fa fa-star\" aria-hidden=\"true\"><\/i><i class=\"fa fa-star\" aria-hidden=\"true\"><\/i><\/td>\r\n                    <td class=\"bonus-details\">\r\n                        <div class=\"bonus-text\">220% jusqu&#039;\u00e0 $12 000<\/div> <span class=\"bonus-text-type\">Bonus de bienvenue<\/span><\/td>\r\n                    <td class=\"play text-center\">\r\n                        <a rel=\"nofollow\" target=\"_blank\" class=\"empty-btn red\" href=\"https:\/\/www.recxl.com\/fr\/go\/slots-empire-homepage\/\">Jouer maintenant<\/a>\r\n                        \r\n\t\t\t\t\t\t\t\t\t\t\t\t\t\t\t\t\t\t\t\t<\/td>\r\n\t\t\t\t\t\t\t\t\t\t\t\t\t\t\t\t\t\t\t<\/tr>\r\n                <tr>\r\n                    <td><span class=\"ranking-number\">5<\/span><\/td>\r\n                    <td class=\"casino-logo\"><a rel=\"nofollow\" target=\"_blank\" href=\"https:\/\/www.recxl.com\/fr\/go\/red-dog-homepage\/\"><img decoding=\"async\" class=\"mx-auto\" src=\"https:\/\/www.recxl.com\/wp-content\/uploads\/2020\/01\/red-dog-casino-logo.png\" alt=\"red-dog-casino-logo\"><\/a>\r\n                    <span class=\"casino-name\">Red Dog Casino<\/span>\r\n                    <\/td>\r\n                    <td class=\"honesty-rating\"><div class=\"d-none\">\u2b50\u2b50\u2b50\u2b50\u2b50<\/div>\r\n                    <i class=\"fa fa-star\" aria-hidden=\"true\"><\/i><i class=\"fa fa-star\" aria-hidden=\"true\"><\/i><i class=\"fa fa-star\" aria-hidden=\"true\"><\/i><i class=\"fa fa-star\" aria-hidden=\"true\"><\/i><i class=\"fa fa-star\" aria-hidden=\"true\"><\/i><\/td>\r\n                    <td class=\"bonus-details\">\r\n                        <div class=\"bonus-text\">225% jusqu&#039;\u00e0 $12 250<\/div> <span class=\"bonus-text-type\">Bonus de bienvenue<\/span><\/td>\r\n                    <td class=\"play text-center\">\r\n                        <a rel=\"nofollow\" target=\"_blank\" class=\"empty-btn red\" href=\"https:\/\/www.recxl.com\/fr\/go\/red-dog-homepage\/\">Jouer maintenant<\/a>\r\n                        \r\n\t\t\t\t\t\t\t\t\t\t\t\t\t\t\t\t\t\t\t\t<\/td>\r\n\t\t\t\t\t\t\t\t\t\t\t\t\t\t\t\t\t\t\t<\/tr><\/tbody>\r\n\t\t<\/table>\r\n\t<\/div>\r\n<\/div>\r\n<\/div>\n\n\n\n<p>Les casinos en ligne en argent r\u00e9el sont actuellement disponibles et propos\u00e9s sur divers sites offshore. Ces sites sont s\u00fbrs et s\u00e9curis\u00e9s, et ne pr\u00e9sentent aucun risque pour les joueurs de Washington DC, ni en termes de l\u00e9galit\u00e9 ni de protection des donn\u00e9es.<\/p>\n\n\n\n<p>Les meilleurs casinos en ligne utilisent tous la derni\u00e8re technologie de cryptage SSL et proposent des m\u00e9thodes de paiement s\u00e9curis\u00e9es, courantes, fiables et trait\u00e9es par des institutions financi\u00e8res r\u00e9put\u00e9es. Parmi celles-ci figurent\u00a0: VISA, MasterCard, Amex, Bitcoin (BTC), virements bancaires directs et bien d&#039;autres m\u00e9thodes.<\/p>\n\n\n\n<p>Nous vous recommandons fortement de NE PAS utiliser de m\u00e9thodes de paiement nouvelles et non test\u00e9es, m\u00eame si les frais peuvent \u00eatre tr\u00e8s bas.<\/p>\n\n\n\n<p>Les bonus de casino sont essentiels au choix d&#039;un casino en ligne. Nous avons donc pr\u00e9sent\u00e9 quelques-uns des meilleurs bonus de casino disponibles, en tenant compte d&#039;autres crit\u00e8res importants tels que la s\u00e9curit\u00e9, comme mentionn\u00e9 pr\u00e9c\u00e9demment. Cependant, pour plus de commodit\u00e9, nous les avons class\u00e9s par montant.<\/p>\n\n\n\n<p>Sans aucun doute, au moment de la r\u00e9daction de cet article, <a href=\"http:\/\/www.recxl.com\/fr\/el-royal-casino\/\">El Royale Casino<\/a> Offre les meilleurs bonus de casino. C&#039;est aussi l&#039;un des plus s\u00fbrs. Gr\u00e2ce \u00e0 son excellent service client, El Royale est notre casino en ligne le plus recommand\u00e9 aux joueurs de Washington.<\/p>\n\n\n\n<hr class=\"wp-block-separator\"\/>\n\n\n\n<h2 class=\"wp-block-heading\">Top 3 des sites de bingo en ligne \u00e0 Washington DC<\/h2>\n\n\n\t\t\t\t\t\t<div class=\"row\">\r\n\t <div class=\"col-sm-12\">\r\n\r\n\t\t <div class=\"ad-table-header\">\r\n\t\t\t <div class=\"row\">\r\n\t\t\t\t <div class=\"col-sm-3\">\r\n\t\t\t\t\t <div class=\"row\">\r\n\r\n\t\t\t\t\t\t <div class=\"col-sm-12\">\r\n\t\t\t\t\t\t\t CASINO\r\n\t\t\t\t\t\t <\/div>\r\n\r\n\t\t\t\t\t <\/div>\r\n\t\t\t\t <\/div>\r\n\t\t\t\t <div class=\"col-sm-4\">\r\n\t\t\t\t\t PRIME\r\n\t\t\t\t <\/div>\r\n\t\t\t\t <div class=\"col-sm-2\">\r\n\t\t\t\t\t CODE\r\n\t\t\t\t <\/div>\r\n\t\t\t\t <div class=\"col-sm-3\">\r\n\t\t\t\t\t JOUEZ MAINTENANT\r\n\t\t\t\t <\/div>\r\n\t\t\t <\/div>\r\n\t\t <\/div>\r\n\r\n\r\n\r\n\t\t <div class=\"ranking-table text-center\">\r\n\t\t\t <div class=\"row flex\">\r\n\t\t\t\t <div class=\"col-sm-3\">\r\n\t\t\t\t\t <div class=\"row\">\r\n\r\n\t\t\t\t\t\t <div class=\"col-sm-3\">\r\n\t\t\t\t\t\t\t <div class=\"ranking-number text-center\">\r\n\t\t\t\t\t\t\t\t 1\r\n\t\t\t\t\t\t\t <\/div>\r\n\t\t\t\t\t\t <\/div>\r\n\t\t\t\t\t\t <div class=\"col-sm-9\">\r\n\t\t\t\t\t\t\t <img decoding=\"async\" src=\"https:\/\/www.gambledex.com\/wp-content\/uploads\/2019\/06\/bingo-spirit-logo.png\">\r\n\t\t\t\t\t\t <\/div>\r\n\t\t\t\t\t <\/div>\r\n\t\t\t\t <\/div>\r\n\t\t\t\t <div class=\"col-sm-4\">\r\n\t\t\t\t\t <div class=\"bonus-text text-center\">10 TOURS GRATUITS + <span class=\"red\">$25 GRATUIT<\/span><\/div>\r\n\t\t\t\t\t <div class=\"bonus-type text-center\">Bonus de bienvenue<\/div>\r\n\r\n\r\n\t\t\t\t <\/div>\r\n\t\t\t\t <div class=\"col-sm-2\">\r\n\t\t\t\t\t <div class=\"bonus-code\"><span id=\"bonus-label\"><\/span><\/div>\r\n\t\t\t\t <\/div>\r\n\t\t\t\t <div class=\"col-sm-3\">\r\n\t\t\t\t\t <a rel=\"nofollow\" target=\"_blank\" class=\"empty-btn red\" href=\"https:\/\/www.gambledex.com\/go\/bingo-spirit-homepage\/\">Jouer maintenant<\/a>\r\n\r\n\t\t\t\t <\/div>\r\n\t\t\t <\/div>\r\n\t\t <\/div>\r\n\r\n\r\n\t\t <div class=\"ranking-table text-center\">\r\n\t\t\t <div class=\"row flex\">\r\n\t\t\t\t <div class=\"col-sm-3\">\r\n\t\t\t\t\t <div class=\"row\">\r\n\r\n\t\t\t\t\t\t <div class=\"col-sm-3\">\r\n\t\t\t\t\t\t\t <div class=\"ranking-number text-center\">\r\n\t\t\t\t\t\t\t\t 2\r\n\t\t\t\t\t\t\t <\/div>\r\n\t\t\t\t\t\t <\/div>\r\n\t\t\t\t\t\t <div class=\"col-sm-9\">\r\n\t\t\t\t\t\t\t <img decoding=\"async\" src=\"https:\/\/www.gambledex.com\/wp-content\/uploads\/2019\/06\/bingo-fest-logo.png\">\r\n\t\t\t\t\t\t <\/div>\r\n\t\t\t\t\t <\/div>\r\n\t\t\t\t <\/div>\r\n\t\t\t\t <div class=\"col-sm-4\">\r\n\t\t\t\t\t <div class=\"bonus-text text-center\">10 TOURS GRATUITS + <span class=\"red\">$25 GRATUIT<\/span><\/div>\r\n\t\t\t\t\t <div class=\"bonus-type text-center\">Bonus de bienvenue<\/div>\r\n\r\n\r\n\t\t\t\t <\/div>\r\n\t\t\t\t <div class=\"col-sm-2\">\r\n\t\t\t\t\t <div class=\"bonus-code\"><span id=\"bonus-label\"><\/span><\/div>\r\n\r\n\r\n\t\t\t\t <\/div>\r\n\t\t\t\t <div class=\"col-sm-3\">\r\n\t\t\t\t\t <a rel=\"nofollow\" target=\"_blank\" class=\"empty-btn red\" href=\"https:\/\/www.gambledex.com\/go\/bingofest\/\">Jouer maintenant<\/a>\r\n\r\n\t\t\t\t <\/div>\r\n\t\t\t <\/div>\r\n\t\t <\/div>\r\n\r\n\t\t <div class=\"ranking-table text-center\">\r\n\t\t\t <div class=\"row flex\">\r\n\t\t\t\t <div class=\"col-sm-3\">\r\n\t\t\t\t\t <div class=\"row\">\r\n\r\n\t\t\t\t\t\t <div class=\"col-sm-3\">\r\n\t\t\t\t\t\t\t <div class=\"ranking-number text-center\">\r\n\t\t\t\t\t\t\t\t 3\r\n\t\t\t\t\t\t\t <\/div>\r\n\t\t\t\t\t\t <\/div>\r\n\t\t\t\t\t\t <div class=\"col-sm-9\">\r\n\t\t\t\t\t\t\t <img decoding=\"async\" src=\"https:\/\/www.gambledex.com\/wp-content\/uploads\/2019\/06\/cyber-bingo-logo.png\">\r\n\t\t\t\t\t\t <\/div>\r\n\t\t\t\t\t <\/div>\r\n\t\t\t\t <\/div>\r\n\t\t\t\t <div class=\"col-sm-4\">\r\n\t\t\t\t\t <div class=\"bonus-text text-center\">10 TOURS GRATUITS + <span class=\"red\">$25 GRATUIT<\/span><\/div>\r\n\t\t\t\t\t <div class=\"bonus-type text-center\">Bonus de bienvenue<\/div>\r\n\r\n\r\n\t\t\t\t <\/div>\r\n\t\t\t\t <div class=\"col-sm-2\">\r\n\t\t\t\t <div class=\"bonus-code\">\r\n\t\t\t\t\t <span id=\"bonus-label\"><\/span>\r\n\t\t\t\t <\/div>\r\n\r\n\t\t\t\t <\/div>\r\n\t\t\t\t <div class=\"col-sm-3\">\r\n\t\t\t\t\t <a rel=\"nofollow\" target=\"_blank\" class=\"empty-btn red\" href=\"https:\/\/www.gambledex.com\/go\/cyberbingo\/\">Jouer maintenant<\/a>\r\n\r\n\t\t\t\t <\/div>\r\n\t\t\t <\/div>\r\n\t\t <\/div>\r\n\t\t <\/div>\r\n\t\t <\/div>\r\n\n\n\n\n<h2 class=\"wp-block-heading\">L\u00e9galit\u00e9 du bingo \u00e0 Washington DC<\/h2>\n\n\n\n<p>Les lois sur le bingo \u00e0 Washington D.C. sont r\u00e9gies par la l\u00e9gislation de l&#039;\u00c9tat sur les jeux de bienfaisance. Ces lois pr\u00e9voient l&#039;octroi de licences aux organisations \u00e0 but non lucratif pour l&#039;exploitation de jeux de bingo. \u00c0 l&#039;heure actuelle, ces lois ne traitent pas du bingo en ligne propos\u00e9 par des op\u00e9rateurs locaux et ne l&#039;autorisent pas. Par cons\u00e9quent, les sites de bingo en ligne acceptant les joueurs de Washington D.C. sont bas\u00e9s \u00e0 l&#039;\u00e9tranger (comme les casinos en ligne et les sites de paris sportifs).<\/p>\n\n\n\n<p>Les sites de bingo en ligne recommand\u00e9s acceptent tous les joueurs de Washington DC. Ils offrent des fonctionnalit\u00e9s avanc\u00e9es, notamment la messagerie instantan\u00e9e, des jeux de bingo amusants et des protocoles garantissant une interaction conviviale et conviviale. L&#039;aspect social du bingo lui conf\u00e8re une dimension culturelle que l&#039;on ne retrouve pas dans les casinos ou les paris sportifs. Par exemple, de nombreux acronymes sont utilis\u00e9s dans les messages instantan\u00e9s. Si vous ne connaissez pas le jargon du bingo en ligne, n&#039;ayez crainte, l&#039;apprendre est un plaisir !<\/p>\n\n\n\n<hr class=\"wp-block-separator\"\/>\n\n\n\n<h2 class=\"wp-block-heading\">Jeux de hasard caritatifs<\/h2>\n\n\n\n<p>La loterie de Washington DC r\u00e9glemente et d\u00e9livre des licences pour les jeux de bienfaisance organis\u00e9s par des organismes \u00e0 but non lucratif. Elle autorise les tombolas, les loteries et les f\u00eates de Monte-Carlo. Les organismes \u00e0 but non lucratif du Maryland et de Virginie sont \u00e9galement autoris\u00e9s \u00e0 demander des licences pour organiser des jeux de bienfaisance.<\/p>\n\n\n\n<hr class=\"wp-block-separator\"\/>\n\n\n\n<h2 class=\"wp-block-heading\">Sites de paris sportifs<\/h2>\n\n\n\n<figure class=\"wp-block-table aligncenter is-style-stripes\"><table><thead><tr><th scope=\"col\">#<\/th><th scope=\"col\">PARIS SPORTIFS<\/th><th scope=\"col\">JUSQU&#039;\u00c0 | MATCH %<\/th><\/tr><\/thead><tbody><tr><td><strong>1<\/strong><\/td><td><a rel=\"noreferrer noopener\" target=\"_blank\" href=\"https:\/\/www.gambledex.com\/go\/el-royale-casino-homepage\/\"><\/a><img decoding=\"async\" src=\"https:\/\/www.wagerdex.com\/wp-content\/uploads\/2020\/02\/betonline-logo.png\" alt=\"betonline-logo\" style=\"width: 150px;\"><\/td><td>$1,000 | 50%  <\/td><td><a href=\"https:\/\/www.wagerdex.com\/go\/betonline\/\" target=\"_blank\" rel=\"noreferrer noopener\">PARIEZ MAINTENANT<\/a><\/td><\/tr><tr><td><strong>2<\/strong><\/td><td><a rel=\"noreferrer noopener\" target=\"_blank\" href=\"https:\/\/www.gambledex.com\/go\/slots-empire-homepage\/\"><\/a><img decoding=\"async\" src=\"https:\/\/www.wagerdex.com\/wp-content\/uploads\/2020\/02\/bovada-logo-1.png\" alt=\"bovada-logo-1\" style=\"width: 150px;\"><\/td><td>$3,000 | 100% <\/td><td><a href=\"https:\/\/www.wagerdex.com\/go\/bovada\/\" target=\"_blank\" rel=\"noreferrer noopener\">PARIEZ MAINTENANT<\/a><\/td><\/tr><\/tbody><\/table><\/figure>\n\n\n\n<p>Les paris sportifs sont l\u00e9gaux \u00e0 Washington DC via l&#039;application de paris sur la loterie GamBetDC. Malheureusement, peu de parieurs ont opt\u00e9 pour cette option en raison des faibles cotes propos\u00e9es et des options de paris limit\u00e9es.<\/p>\n\n\n\n<p>Les parieurs de Washington se tournent donc vers les sites de paris sportifs en ligne bas\u00e9s \u00e0 l&#039;\u00e9tranger. Ils acceptent les parieurs de Washington, sans qu&#039;aucun parieur n&#039;ait \u00e9t\u00e9 inform\u00e9 d&#039;une infraction \u00e0 la loi, et encore moins accus\u00e9 d&#039;un d\u00e9lit ou d&#039;un crime.<\/p>\n\n\n\n<hr class=\"wp-block-separator\"\/>\n\n\n\n<h2 class=\"wp-block-heading\">Sports fantastiques quotidiens<\/h2>\n\n\n\n<p>Le Daily Fantasy Sports gagne rapidement en popularit\u00e9. Nouveau sur le march\u00e9 des jeux d&#039;argent, il est consid\u00e9r\u00e9 par beaucoup comme un jeu d&#039;adresse qui oblige les parieurs \u00e0 cr\u00e9er une \u00e9quipe fictive bas\u00e9e sur de vrais joueurs. Les performances des vrais joueurs d\u00e9terminent le succ\u00e8s de l&#039;\u00e9quipe fictive. Par cons\u00e9quent, ce sont les plus \u00ab\u00a0comp\u00e9tents\u00a0\u00bb qui gagnent.<\/p>\n\n\n\n<p>Les deux plus grands fournisseurs de fantasy sports quotidiens sont DraftKings et FanDuel. Sur ce site, nous ne promouvons pas activement les fantasy sports quotidiens, car nous comprenons qu&#039;il s&#039;agit d&#039;un jeu de \u00ab\u00a0comp\u00e9tence\u00a0\u00bb exploit\u00e9 par les parieurs disposant de la meilleure mod\u00e9lisation des risques. Autrement dit, il ne s&#039;agit pas seulement de bien conna\u00eetre son sport, les joueurs, etc., mais plut\u00f4t de savoir qui poss\u00e8de le meilleur mod\u00e8le statistique et qui a acc\u00e8s aux donn\u00e9es les plus d\u00e9taill\u00e9es sur les joueurs.<\/p>\n\n\n\n<p>En tant que grand amateur de sport et pensant avoir de bonnes chances de gagner de l&#039;argent en DFS, d\u00e9trompez-vous. Vous \u00eates confront\u00e9 \u00e0 des experts en mod\u00e9lisation statistique qui ciblent d\u00e9lib\u00e9r\u00e9ment des jeux principalement destin\u00e9s aux nouveaux joueurs en DFS. En fait, il a \u00e9t\u00e9 affirm\u00e9 que les joueurs les plus dou\u00e9s en DFS sont connus pour collaborer entre eux et \u00e9viter la concurrence, cr\u00e9ant ainsi une formule gagnante durable, partag\u00e9e par les experts.<\/p>\n\n\n\n<p>Nous tenons donc \u00e0 informer nos lecteurs que le DFS n&#039;est pas ce qu&#039;il para\u00eet \u00eatre. Pour rappel, le DFS est ill\u00e9gal \u00e0 Washington DC, mais de nombreux op\u00e9rateurs DFS terrestres continueront d&#039;accepter les joueurs de Washington DC.<\/p>\n\n\n\n<hr class=\"wp-block-separator\"\/>\n\n\n\n<h2 class=\"wp-block-heading\">Lois sur les jeux de hasard<\/h2>\n\n\n\n<ul class=\"wp-block-list\"><li>Les organismes de bienfaisance titulaires d\u2019une licence peuvent organiser des bingos, des tombolas, des soir\u00e9es casino et des tournois de poker\u00a0; <\/li><li>Le poker en ligne, les casinos, les paris sportifs et les sports fantastiques sont tous interdits dans l&#039;\u00c9tat\u00a0;<\/li><li>La loterie d&#039;\u00c9tat propose des jeux de tirage traditionnels et instantan\u00e9s, du keno et des terminaux de loterie vid\u00e9o<\/li><\/ul>\n\n\n\n<hr class=\"wp-block-separator\"\/>\n\n\n\n<h2 class=\"wp-block-heading\">\u00c2ge minimum l\u00e9gal pour jouer<\/h2>\n\n\n\n<p>L&#039;\u00e2ge l\u00e9gal minimum pour jouer est de 18 ans \u00e0 Washington DC.<\/p>\n\n\n\n<hr class=\"wp-block-separator\"\/>\n\n\n\n<h2 class=\"wp-block-heading\">Taxes sur les jeux de hasard<\/h2>\n\n\n\n<p>Une retenue \u00e0 la source de 8,5 % est pr\u00e9lev\u00e9e sur tous les gains de loterie sup\u00e9rieurs \u00e0 $5000.<\/p>\n\n\n\n<h2 class=\"wp-block-heading\">R\u00e9gulation et gouvernance<\/h2>\n\n\n\n<p><a href=\"https:\/\/lottery.dc.gov\/#:~:text=Charitable%20Games%20Information,in%20the%20District%20of%20Columbia.\">Bureau des loteries et des jeux de bienfaisance.<\/a><\/p>\n\n\n\n<hr class=\"wp-block-separator\"\/>\n\n\n\n<h2 class=\"wp-block-heading\">L\u00e9gislation sur les jeux de hasard<\/h2>\n\n\n\n<p>District de Columbia, code division IV\u00a0; 22-1717. Activit\u00e9s de jeu autoris\u00e9es.<\/p>\n\n\n\n<p>Code DC \u00a7 2-2534.<\/p>\n\n\n\n<hr class=\"wp-block-separator\"\/>\n\n\n\n<h2 class=\"wp-block-heading\">FAQ<\/h2>\n\n\n\n<h3 class=\"wp-block-heading\">Est-il l\u00e9gal de jouer avec de l&#039;argent r\u00e9el dans les casinos en ligne de DC ?<\/h3>\n\n\n\n<p>La l\u00e9gislation actuelle ne permet pas de d\u00e9terminer avec certitude si les joueurs peuvent jouer dans les casinos en ligne. Cependant, techniquement, aucun op\u00e9rateur local n&#039;est autoris\u00e9. En revanche, les joueurs sont accept\u00e9s dans plusieurs casinos en ligne.<\/p>\n\n\n\n<h3 class=\"wp-block-heading\">Quel est le minimum pour jouer dans les casinos en ligne ?<\/h3>\n\n\n\n<p>Les casinos en ligne fixent g\u00e9n\u00e9ralement leur propre \u00e2ge l\u00e9gal minimum, mais stipulent \u00e9galement que le joueur doit respecter la loi de la juridiction dans laquelle il r\u00e9side.<\/p>\n\n\n\n<p>Cela signifie donc que pour certains casinos en ligne, les joueurs doivent avoir 18 ans, tandis que pour d&#039;autres, 21 ans est le minimum requis.<\/p>","protected":false},"excerpt":{"rendered":"<p>Located between Virginia and Maryland, the District of Columbia possesses the authority to create its own gambling laws. As a result, residents of Washington DC have access to a wide range of online gambling options offered by various international online casino operators. Online Gambling The District of Columbia Lottery holds an exclusive license to operate [&#8230;]<\/p>\n<p><a class=\"btn btn-secondary understrap-read-more-link\" href=\"https:\/\/www.recxl.com\/fr\/online-casino\/red-dog-casino\/\">Lire la suite&#8230;<\/a><\/p>","protected":false},"author":4,"featured_media":0,"parent":1413,"menu_order":168,"comment_status":"closed","ping_status":"closed","template":"","meta":{"footnotes":""},"class_list":["post-1427","page","type-page","status-publish","hentry"],"_links":{"self":[{"href":"https:\/\/www.recxl.com\/fr\/wp-json\/wp\/v2\/pages\/1427","targetHints":{"allow":["GET"]}}],"collection":[{"href":"https:\/\/www.recxl.com\/fr\/wp-json\/wp\/v2\/pages"}],"about":[{"href":"https:\/\/www.recxl.com\/fr\/wp-json\/wp\/v2\/types\/page"}],"author":[{"embeddable":true,"href":"https:\/\/www.recxl.com\/fr\/wp-json\/wp\/v2\/users\/4"}],"replies":[{"embeddable":true,"href":"https:\/\/www.recxl.com\/fr\/wp-json\/wp\/v2\/comments?post=1427"}],"version-history":[{"count":54,"href":"https:\/\/www.recxl.com\/fr\/wp-json\/wp\/v2\/pages\/1427\/revisions"}],"predecessor-version":[{"id":19026,"href":"https:\/\/www.recxl.com\/fr\/wp-json\/wp\/v2\/pages\/1427\/revisions\/19026"}],"up":[{"embeddable":true,"href":"https:\/\/www.recxl.com\/fr\/wp-json\/wp\/v2\/pages\/1413"}],"wp:attachment":[{"href":"https:\/\/www.recxl.com\/fr\/wp-json\/wp\/v2\/media?parent=1427"}],"curies":[{"name":"wp","href":"https:\/\/api.w.org\/{rel}","templated":true}]}}