{"id":1511,"date":"2026-03-22T20:10:18","date_gmt":"2026-03-22T20:10:18","guid":{"rendered":"http:\/\/www.recxl.com\/?page_id=1511---83107917-3d89-456c-8ac2-d29a710c5f8f"},"modified":"2026-03-22T20:10:18","modified_gmt":"2026-03-22T20:10:18","slug":"pennsylvania","status":"publish","type":"page","link":"https:\/\/www.recxl.com\/fr\/us-casinos\/pennsylvania\/","title":{"rendered":"[PA] Bingo, casino et paris sportifs en Pennsylvanie [2024]"},"content":{"rendered":"<div class=\"wp-block-image\"><figure class=\"alignright size-large is-resized\"><img decoding=\"async\" src=\"http:\/\/www.recxl.com\/wp-content\/uploads\/2020\/06\/image-40.png\" alt=\"Pennsylvania Online Casinos | Online Slots | Great Bonuses | Gambling Guide | Bitcoin | Secure and Safe Payment Methods | Online Bingo\" class=\"wp-image-1600\" width=\"115\" height=\"98\" srcset=\"https:\/\/www.recxl.com\/wp-content\/uploads\/2020\/06\/image-40.png 461w, https:\/\/www.recxl.com\/wp-content\/uploads\/2020\/06\/image-40-300x254.png 300w\" sizes=\"(max-width: 115px) 100vw, 115px\" \/><\/figure><\/div>\n\n\n\n<p>L&#039;ann\u00e9e derni\u00e8re, la Pennsylvanie a connu une augmentation notable des jeux d&#039;argent en ligne. Toutes les formes de jeux d&#039;argent sont disponibles sur Internet, notamment les casinos en ligne, les paris sportifs et le bingo, accessibles aux r\u00e9sidents de Pennsylvanie. Ces opportunit\u00e9s de jeu sont disponibles sur des plateformes nationales et internationales.<\/p>\n\n\n\n<p>L&#039;\u00e2ge minimum l\u00e9gal pour jouer en ligne est de 21 ans.<\/p>\n\n\n\n<h2 class=\"wp-block-heading\">Jeux d&#039;argent en ligne<\/h2>\n\n\n\n<ul class=\"wp-block-list\"><li>La loterie de l&#039;\u00c9tat de Pennsylvanie d\u00e9tient une licence exclusive sur les produits de loterie<\/li><li>Les casinos terrestres sont exploit\u00e9s commercialement (11 casinos au total ; neuf (9) op\u00e9rateurs de machines \u00e0 sous agr\u00e9\u00e9s)<\/li><li>Casinos hippodromes exploit\u00e9s sur une base commerciale<\/li><li>Les paris sportifs terrestres et en ligne sont autoris\u00e9s dans les casinos et les hippodromes agr\u00e9\u00e9s<\/li><li>Les op\u00e9rateurs de casinos terrestres sont autoris\u00e9s \u00e0 proposer des jeux de casino en ligne (y compris le poker)<\/li><\/ul>\n\n\n\n<h2 class=\"wp-block-heading\">Les 5 meilleurs casinos en ligne en direct de Pennsylvanie<\/h2>\n\n\n<div class=\"row\">\r\n\t\t<div class=\"col-md-12\">\r\n\t\t\t<div class=\"table-responsive-lg\">\r\n\t\t\t\t<table cellspacing=\"0\" class=\"casino-table\">\r\n\t\t\t\t\t<thead>\r\n\t\t\t\t\t\t<tr class=\"text-secondary d-none d-md-table-row\" style=\"height: 54px;\">\r\n\t\t\t\t\t\t\t<th><span class=\"flag-icon flag-icon-us\"><\/th>\r\n\t\t\t\t\t\t\t<th class=\"text-center\" scope=\"col\">CASINO<\/th>\r\n\t\t\t\t\t\t\t<th class=\"text-center\" scope=\"col\">NOTATION<\/th>\r\n                            <th scope=\"col\" class=\"text-center\">PRIME<\/th>\r\n                            <th scope=\"col\" class=\"text-center\">JOUER<\/th><\/tr>\r\n\t\t\t\t\t<\/thead>\r\n\t\t\t\t\t<tbody>\r\n                <tr>\r\n                    <td><span class=\"ranking-number\">1<\/span><\/td>\r\n                    <td class=\"casino-logo\"><a rel=\"nofollow\" target=\"_blank\" href=\"https:\/\/www.recxl.com\/fr\/go\/el-royale-casino-homepage\/\"><img decoding=\"async\" class=\"mx-auto\" src=\"https:\/\/www.recxl.com\/wp-content\/uploads\/2020\/04\/el-royale-casino-logo-2.png\" alt=\"el-royale-casino-logo-2\"><\/a>\r\n                    <span class=\"casino-name\">El Royale Casino<\/span>\r\n                    <\/td>\r\n                    <td class=\"honesty-rating\"><div class=\"d-none\">\u2b50\u2b50\u2b50\u2b50\u2b50<\/div>\r\n                    <i class=\"fa fa-star\" aria-hidden=\"true\"><\/i><i class=\"fa fa-star\" aria-hidden=\"true\"><\/i><i class=\"fa fa-star\" aria-hidden=\"true\"><\/i><i class=\"fa fa-star\" aria-hidden=\"true\"><\/i><i class=\"fa fa-star\" aria-hidden=\"true\"><\/i><\/td>\r\n                    <td class=\"bonus-details\">\r\n                        <div class=\"bonus-text\">250% jusqu&#039;\u00e0 $12 500<\/div> <span class=\"bonus-text-type\">Bonus de bienvenue<\/span><\/td>\r\n                    <td class=\"play text-center\">\r\n                        <a rel=\"nofollow\" target=\"_blank\" class=\"empty-btn red\" href=\"https:\/\/www.recxl.com\/fr\/go\/el-royale-casino-homepage\/\">Jouer maintenant<\/a>\r\n                        \r\n\t\t\t\t\t\t\t\t\t\t\t\t\t\t\t\t\t\t\t\t<\/td>\r\n\t\t\t\t\t\t\t\t\t\t\t\t\t\t\t\t\t\t\t<\/tr>\r\n                <tr>\r\n                    <td><span class=\"ranking-number\">2<\/span><\/td>\r\n                    <td class=\"casino-logo\"><a rel=\"nofollow\" target=\"_blank\" href=\"https:\/\/www.recxl.com\/fr\/go\/bovada-homepage\/\"><img decoding=\"async\" class=\"mx-auto\" src=\"https:\/\/www.recxl.com\/wp-content\/uploads\/2019\/09\/bovada-logo-1-1.png\" alt=\"bovada-logo-1 (1)\"><\/a>\r\n                    <span class=\"casino-name\">Bovada<\/span>\r\n                    <\/td>\r\n                    <td class=\"honesty-rating\"><div class=\"d-none\">\u2b50\u2b50\u2b50\u2b50\u2b50<\/div>\r\n                    <i class=\"fa fa-star\" aria-hidden=\"true\"><\/i><i class=\"fa fa-star\" aria-hidden=\"true\"><\/i><i class=\"fa fa-star\" aria-hidden=\"true\"><\/i><i class=\"fa fa-star\" aria-hidden=\"true\"><\/i><i class=\"fa fa-star\" aria-hidden=\"true\"><\/i><\/td>\r\n                    <td class=\"bonus-details\">\r\n                        <div class=\"bonus-text\">100% jusqu&#039;\u00e0 $3 000<\/div> <span class=\"bonus-text-type\">Bonus de bienvenue<\/span><\/td>\r\n                    <td class=\"play text-center\">\r\n                        <a rel=\"nofollow\" target=\"_blank\" class=\"empty-btn red\" href=\"https:\/\/www.recxl.com\/fr\/go\/bovada-homepage\/\">Jouer maintenant<\/a>\r\n                        \r\n\t\t\t\t\t\t\t\t\t\t\t\t\t\t\t\t\t\t\t\t<\/td>\r\n\t\t\t\t\t\t\t\t\t\t\t\t\t\t\t\t\t\t\t<\/tr>\r\n                <tr>\r\n                    <td><span class=\"ranking-number\">3<\/span><\/td>\r\n                    <td class=\"casino-logo\"><a rel=\"nofollow\" target=\"_blank\" href=\"https:\/\/www.recxl.com\/fr\/go\/vegas-casino-online-homepage\/\"><img decoding=\"async\" class=\"mx-auto\" src=\"https:\/\/www.recxl.com\/wp-content\/uploads\/2020\/01\/vegas-casino-online-logo.png\" alt=\"vegas-casino-online-logo\"><\/a>\r\n                    <span class=\"casino-name\">Casino en ligne de Vegas<\/span>\r\n                    <\/td>\r\n                    <td class=\"honesty-rating\"><div class=\"d-none\">\u2b50\u2b50\u2b50\u2b50\u2b50<\/div>\r\n                    <i class=\"fa fa-star\" aria-hidden=\"true\"><\/i><i class=\"fa fa-star\" aria-hidden=\"true\"><\/i><i class=\"fa fa-star\" aria-hidden=\"true\"><\/i><i class=\"fa fa-star\" aria-hidden=\"true\"><\/i><i class=\"fa fa-star\" aria-hidden=\"true\"><\/i><\/td>\r\n                    <td class=\"bonus-details\">\r\n                        <div class=\"bonus-text\">400% jusqu&#039;\u00e0 $10 000<\/div> <span class=\"bonus-text-type\">Bonus de bienvenue<\/span><\/td>\r\n                    <td class=\"play text-center\">\r\n                        <a rel=\"nofollow\" target=\"_blank\" class=\"empty-btn red\" href=\"https:\/\/www.recxl.com\/fr\/go\/vegas-casino-online-homepage\/\">Jouer maintenant<\/a>\r\n                        \r\n\t\t\t\t\t\t\t\t\t\t\t\t\t\t\t\t\t\t\t\t<\/td>\r\n\t\t\t\t\t\t\t\t\t\t\t\t\t\t\t\t\t\t\t<\/tr>\r\n                <tr>\r\n                    <td><span class=\"ranking-number\">4<\/span><\/td>\r\n                    <td class=\"casino-logo\"><a rel=\"nofollow\" target=\"_blank\" href=\"https:\/\/www.recxl.com\/fr\/go\/slots-empire-homepage\/\"><img decoding=\"async\" class=\"mx-auto\" src=\"https:\/\/www.recxl.com\/wp-content\/uploads\/2020\/06\/slots-empire-casino-logo-1.png\" alt=\"slots-empire-casino-logo-1\"><\/a>\r\n                    <span class=\"casino-name\">Slots Empire<\/span>\r\n                    <\/td>\r\n                    <td class=\"honesty-rating\"><div class=\"d-none\">\u2b50\u2b50\u2b50\u2b50\u2b50<\/div>\r\n                    <i class=\"fa fa-star\" aria-hidden=\"true\"><\/i><i class=\"fa fa-star\" aria-hidden=\"true\"><\/i><i class=\"fa fa-star\" aria-hidden=\"true\"><\/i><i class=\"fa fa-star\" aria-hidden=\"true\"><\/i><i class=\"fa fa-star\" aria-hidden=\"true\"><\/i><\/td>\r\n                    <td class=\"bonus-details\">\r\n                        <div class=\"bonus-text\">220% jusqu&#039;\u00e0 $12 000<\/div> <span class=\"bonus-text-type\">Bonus de bienvenue<\/span><\/td>\r\n                    <td class=\"play text-center\">\r\n                        <a rel=\"nofollow\" target=\"_blank\" class=\"empty-btn red\" href=\"https:\/\/www.recxl.com\/fr\/go\/slots-empire-homepage\/\">Jouer maintenant<\/a>\r\n                        \r\n\t\t\t\t\t\t\t\t\t\t\t\t\t\t\t\t\t\t\t\t<\/td>\r\n\t\t\t\t\t\t\t\t\t\t\t\t\t\t\t\t\t\t\t<\/tr>\r\n                <tr>\r\n                    <td><span class=\"ranking-number\">5<\/span><\/td>\r\n                    <td class=\"casino-logo\"><a rel=\"nofollow\" target=\"_blank\" href=\"https:\/\/www.recxl.com\/fr\/go\/red-dog-homepage\/\"><img decoding=\"async\" class=\"mx-auto\" src=\"https:\/\/www.recxl.com\/wp-content\/uploads\/2020\/01\/red-dog-casino-logo.png\" alt=\"red-dog-casino-logo\"><\/a>\r\n                    <span class=\"casino-name\">Red Dog Casino<\/span>\r\n                    <\/td>\r\n                    <td class=\"honesty-rating\"><div class=\"d-none\">\u2b50\u2b50\u2b50\u2b50\u2b50<\/div>\r\n                    <i class=\"fa fa-star\" aria-hidden=\"true\"><\/i><i class=\"fa fa-star\" aria-hidden=\"true\"><\/i><i class=\"fa fa-star\" aria-hidden=\"true\"><\/i><i class=\"fa fa-star\" aria-hidden=\"true\"><\/i><i class=\"fa fa-star\" aria-hidden=\"true\"><\/i><\/td>\r\n                    <td class=\"bonus-details\">\r\n                        <div class=\"bonus-text\">225% jusqu&#039;\u00e0 $12 250<\/div> <span class=\"bonus-text-type\">Bonus de bienvenue<\/span><\/td>\r\n                    <td class=\"play text-center\">\r\n                        <a rel=\"nofollow\" target=\"_blank\" class=\"empty-btn red\" href=\"https:\/\/www.recxl.com\/fr\/go\/red-dog-homepage\/\">Jouer maintenant<\/a>\r\n                        \r\n\t\t\t\t\t\t\t\t\t\t\t\t\t\t\t\t\t\t\t\t<\/td>\r\n\t\t\t\t\t\t\t\t\t\t\t\t\t\t\t\t\t\t\t<\/tr><\/tbody>\r\n\t\t<\/table>\r\n\t<\/div>\r\n<\/div>\r\n<\/div>\n\n\n\n<p>Les casinos en ligne sont actuellement disponibles et propos\u00e9s sur divers sites offshore. Ces sites sont s\u00fbrs et s\u00e9curis\u00e9s, et ne pr\u00e9sentent aucun risque pour les joueurs de Pennsylvanie, tant en termes de l\u00e9galit\u00e9 que de protection des donn\u00e9es des joueurs.<\/p>\n\n\n\n<p>Les meilleurs casinos en ligne utilisent tous la derni\u00e8re technologie SSL et proposent des m\u00e9thodes de paiement s\u00e9curis\u00e9es, courantes, fiables et trait\u00e9es par des institutions financi\u00e8res r\u00e9put\u00e9es. Parmi celles-ci figurent\u00a0: VISA, MasterCard, Amex, Bitcoin (BTC), virements bancaires directs et bien d&#039;autres m\u00e9thodes.<\/p>\n\n\n\n<p>Les bonus de casino sont essentiels au choix d&#039;un casino en ligne. Nous avons donc pr\u00e9sent\u00e9 quelques-uns des meilleurs bonus disponibles, en tenant compte d&#039;autres crit\u00e8res importants tels que la s\u00e9curit\u00e9, comme mentionn\u00e9 pr\u00e9c\u00e9demment. Cependant, pour plus de clart\u00e9, nous les avons class\u00e9s par montant.<\/p>\n\n\n\n<p>Sans aucun doute, au moment de la r\u00e9daction de cet article, <a href=\"http:\/\/www.recxl.com\/fr\/el-royal-casino\/\">El Royale Casino<\/a> Il offre les meilleurs bonus de casino. C&#039;est aussi l&#039;un des plus s\u00fbrs. Gr\u00e2ce \u00e0 son excellent service client, El Royale est notre casino en ligne le plus recommand\u00e9 aux joueurs de Pennsylvanie.<\/p>\n\n\n\n<h2 class=\"wp-block-heading\">Paris sportifs<\/h2>\n\n\n\n<p>Il existe cependant des sites de paris sportifs en ligne, bas\u00e9s \u00e0 l&#039;\u00e9tranger. Ils acceptent les parieurs de Pennsylvanie, sans qu&#039;aucun parieur n&#039;ait \u00e9t\u00e9 inform\u00e9 d&#039;une infraction \u00e0 la loi, et encore moins accus\u00e9 d&#039;un d\u00e9lit ou d&#039;un crime.<\/p>\n\n\n\n<h2 class=\"wp-block-heading\">Sports fantastiques quotidiens<\/h2>\n\n\n\n<p>Le Daily Fantasy Sports gagne rapidement en popularit\u00e9. Nouveau sur le march\u00e9 des jeux d&#039;argent, il est consid\u00e9r\u00e9 par beaucoup comme un jeu d&#039;adresse qui oblige les parieurs \u00e0 cr\u00e9er une \u00e9quipe fictive bas\u00e9e sur de vrais joueurs. Les performances des vrais joueurs d\u00e9terminent le succ\u00e8s de l&#039;\u00e9quipe fictive. Par cons\u00e9quent, ce sont les plus \u00ab\u00a0comp\u00e9tents\u00a0\u00bb qui gagnent.<\/p>\n\n\n\n<p>Les deux principaux fournisseurs de fantasy sports quotidiens sont DraftKings et FanDuel. Sur ce site, nous ne promouvons pas activement les fantasy sports quotidiens, car nous comprenons qu&#039;il s&#039;agit d&#039;un jeu de \u00ab\u00a0comp\u00e9tence\u00a0\u00bb exploit\u00e9 par les parieurs disposant de la meilleure mod\u00e9lisation des risques. Autrement dit, l&#039;important n&#039;est pas tant de conna\u00eetre son sport, les joueurs, etc., mais plut\u00f4t de savoir qui poss\u00e8de le meilleur mod\u00e8le statistique et qui a acc\u00e8s aux donn\u00e9es les plus d\u00e9taill\u00e9es sur les joueurs.<\/p>\n\n\n\n<p>En tant que grand amateur de sport et pensant avoir de bonnes chances de gagner de l&#039;argent en DFS, d\u00e9trompez-vous. Vous \u00eates confront\u00e9 \u00e0 des experts en mod\u00e9lisation statistique qui ciblent d\u00e9lib\u00e9r\u00e9ment des jeux principalement destin\u00e9s aux nouveaux joueurs en DFS. En fait, il a \u00e9t\u00e9 affirm\u00e9 que les joueurs les plus dou\u00e9s en DFS sont connus pour collaborer entre eux et \u00e9viter la concurrence, cr\u00e9ant ainsi une formule gagnante durable, partag\u00e9e par les experts.<\/p>\n\n\n\n<p>Nous tenons donc \u00e0 informer nos lecteurs que le DFS n&#039;est pas ce qu&#039;il para\u00eet \u00eatre. En toute honn\u00eatet\u00e9, le DFS est l\u00e9gal en Pennsylvanie et de nombreux op\u00e9rateurs terrestres acceptent les joueurs de Pennsylvanie.<\/p>\n\n\n\n<h2 class=\"wp-block-heading\">Top 3 des sites de bingo en ligne en Pennsylvanie<\/h2>\n\n\n\t\t\t\t\t\t<div class=\"row\">\r\n\t <div class=\"col-sm-12\">\r\n\r\n\t\t <div class=\"ad-table-header\">\r\n\t\t\t <div class=\"row\">\r\n\t\t\t\t <div class=\"col-sm-3\">\r\n\t\t\t\t\t <div class=\"row\">\r\n\r\n\t\t\t\t\t\t <div class=\"col-sm-12\">\r\n\t\t\t\t\t\t\t CASINO\r\n\t\t\t\t\t\t <\/div>\r\n\r\n\t\t\t\t\t <\/div>\r\n\t\t\t\t <\/div>\r\n\t\t\t\t <div class=\"col-sm-4\">\r\n\t\t\t\t\t PRIME\r\n\t\t\t\t <\/div>\r\n\t\t\t\t <div class=\"col-sm-2\">\r\n\t\t\t\t\t CODE\r\n\t\t\t\t <\/div>\r\n\t\t\t\t <div class=\"col-sm-3\">\r\n\t\t\t\t\t JOUEZ MAINTENANT\r\n\t\t\t\t <\/div>\r\n\t\t\t <\/div>\r\n\t\t <\/div>\r\n\r\n\r\n\r\n\t\t <div class=\"ranking-table text-center\">\r\n\t\t\t <div class=\"row flex\">\r\n\t\t\t\t <div class=\"col-sm-3\">\r\n\t\t\t\t\t <div class=\"row\">\r\n\r\n\t\t\t\t\t\t <div class=\"col-sm-3\">\r\n\t\t\t\t\t\t\t <div class=\"ranking-number text-center\">\r\n\t\t\t\t\t\t\t\t 1\r\n\t\t\t\t\t\t\t <\/div>\r\n\t\t\t\t\t\t <\/div>\r\n\t\t\t\t\t\t <div class=\"col-sm-9\">\r\n\t\t\t\t\t\t\t <img decoding=\"async\" src=\"https:\/\/www.gambledex.com\/wp-content\/uploads\/2019\/06\/bingo-spirit-logo.png\">\r\n\t\t\t\t\t\t <\/div>\r\n\t\t\t\t\t <\/div>\r\n\t\t\t\t <\/div>\r\n\t\t\t\t <div class=\"col-sm-4\">\r\n\t\t\t\t\t <div class=\"bonus-text text-center\">10 TOURS GRATUITS + <span class=\"red\">$25 GRATUIT<\/span><\/div>\r\n\t\t\t\t\t <div class=\"bonus-type text-center\">Bonus de bienvenue<\/div>\r\n\r\n\r\n\t\t\t\t <\/div>\r\n\t\t\t\t <div class=\"col-sm-2\">\r\n\t\t\t\t\t <div class=\"bonus-code\"><span id=\"bonus-label\"><\/span><\/div>\r\n\t\t\t\t <\/div>\r\n\t\t\t\t <div class=\"col-sm-3\">\r\n\t\t\t\t\t <a rel=\"nofollow\" target=\"_blank\" class=\"empty-btn red\" href=\"https:\/\/www.gambledex.com\/go\/bingo-spirit-homepage\/\">Jouer maintenant<\/a>\r\n\r\n\t\t\t\t <\/div>\r\n\t\t\t <\/div>\r\n\t\t <\/div>\r\n\r\n\r\n\t\t <div class=\"ranking-table text-center\">\r\n\t\t\t <div class=\"row flex\">\r\n\t\t\t\t <div class=\"col-sm-3\">\r\n\t\t\t\t\t <div class=\"row\">\r\n\r\n\t\t\t\t\t\t <div class=\"col-sm-3\">\r\n\t\t\t\t\t\t\t <div class=\"ranking-number text-center\">\r\n\t\t\t\t\t\t\t\t 2\r\n\t\t\t\t\t\t\t <\/div>\r\n\t\t\t\t\t\t <\/div>\r\n\t\t\t\t\t\t <div class=\"col-sm-9\">\r\n\t\t\t\t\t\t\t <img decoding=\"async\" src=\"https:\/\/www.gambledex.com\/wp-content\/uploads\/2019\/06\/bingo-fest-logo.png\">\r\n\t\t\t\t\t\t <\/div>\r\n\t\t\t\t\t <\/div>\r\n\t\t\t\t <\/div>\r\n\t\t\t\t <div class=\"col-sm-4\">\r\n\t\t\t\t\t <div class=\"bonus-text text-center\">10 TOURS GRATUITS + <span class=\"red\">$25 GRATUIT<\/span><\/div>\r\n\t\t\t\t\t <div class=\"bonus-type text-center\">Bonus de bienvenue<\/div>\r\n\r\n\r\n\t\t\t\t <\/div>\r\n\t\t\t\t <div class=\"col-sm-2\">\r\n\t\t\t\t\t <div class=\"bonus-code\"><span id=\"bonus-label\"><\/span><\/div>\r\n\r\n\r\n\t\t\t\t <\/div>\r\n\t\t\t\t <div class=\"col-sm-3\">\r\n\t\t\t\t\t <a rel=\"nofollow\" target=\"_blank\" class=\"empty-btn red\" href=\"https:\/\/www.gambledex.com\/go\/bingofest\/\">Jouer maintenant<\/a>\r\n\r\n\t\t\t\t <\/div>\r\n\t\t\t <\/div>\r\n\t\t <\/div>\r\n\r\n\t\t <div class=\"ranking-table text-center\">\r\n\t\t\t <div class=\"row flex\">\r\n\t\t\t\t <div class=\"col-sm-3\">\r\n\t\t\t\t\t <div class=\"row\">\r\n\r\n\t\t\t\t\t\t <div class=\"col-sm-3\">\r\n\t\t\t\t\t\t\t <div class=\"ranking-number text-center\">\r\n\t\t\t\t\t\t\t\t 3\r\n\t\t\t\t\t\t\t <\/div>\r\n\t\t\t\t\t\t <\/div>\r\n\t\t\t\t\t\t <div class=\"col-sm-9\">\r\n\t\t\t\t\t\t\t <img decoding=\"async\" src=\"https:\/\/www.gambledex.com\/wp-content\/uploads\/2019\/06\/cyber-bingo-logo.png\">\r\n\t\t\t\t\t\t <\/div>\r\n\t\t\t\t\t <\/div>\r\n\t\t\t\t <\/div>\r\n\t\t\t\t <div class=\"col-sm-4\">\r\n\t\t\t\t\t <div class=\"bonus-text text-center\">10 TOURS GRATUITS + <span class=\"red\">$25 GRATUIT<\/span><\/div>\r\n\t\t\t\t\t <div class=\"bonus-type text-center\">Bonus de bienvenue<\/div>\r\n\r\n\r\n\t\t\t\t <\/div>\r\n\t\t\t\t <div class=\"col-sm-2\">\r\n\t\t\t\t <div class=\"bonus-code\">\r\n\t\t\t\t\t <span id=\"bonus-label\"><\/span>\r\n\t\t\t\t <\/div>\r\n\r\n\t\t\t\t <\/div>\r\n\t\t\t\t <div class=\"col-sm-3\">\r\n\t\t\t\t\t <a rel=\"nofollow\" target=\"_blank\" class=\"empty-btn red\" href=\"https:\/\/www.gambledex.com\/go\/cyberbingo\/\">Jouer maintenant<\/a>\r\n\r\n\t\t\t\t <\/div>\r\n\t\t\t <\/div>\r\n\t\t <\/div>\r\n\t\t <\/div>\r\n\t\t <\/div>\r\n\n\n\n\n<p>Les lois de Pennsylvanie sur le bingo sont r\u00e9gies par la l\u00e9gislation de l&#039;\u00c9tat relative aux jeux de bienfaisance. Ces lois pr\u00e9voient l&#039;octroi de licences aux organisations \u00e0 but non lucratif pour l&#039;exploitation de jeux de bingo. \u00c0 l&#039;heure actuelle, ces lois ne traitent pas du bingo en ligne propos\u00e9 par des op\u00e9rateurs locaux et ne l&#039;autorisent pas. Par cons\u00e9quent, les sites de bingo en ligne acceptant les joueurs de Pennsylvanie sont bas\u00e9s \u00e0 l&#039;\u00e9tranger (comme les casinos en ligne et les sites de paris sportifs).<\/p>\n\n\n\n<p>Les sites de bingo en ligne recommand\u00e9s acceptent tous les joueurs de Pennsylvanie. Ils offrent des fonctionnalit\u00e9s avanc\u00e9es, notamment la messagerie instantan\u00e9e, des jeux de bingo amusants et des protocoles garantissant une interaction conviviale et conviviale. L&#039;aspect social du bingo lui conf\u00e8re une dimension culturelle que l&#039;on ne retrouve pas dans les casinos ou les paris sportifs. Par exemple, de nombreux acronymes sont utilis\u00e9s dans les messages instantan\u00e9s. Si vous ne connaissez pas le jargon du bingo en ligne, n&#039;ayez crainte, l&#039;apprendre est un plaisir !<\/p>\n\n\n\n<h2 class=\"wp-block-heading\">\u00c2ge minimum l\u00e9gal pour jouer<\/h2>\n\n\n\n<ul class=\"wp-block-list\"><li>21 pour les jeux de casino, les casinos en ligne, le poker, le poker en ligne et les paris sportifs en ligne<\/li><li>18 pour le bingo, la loterie, les paris hippiques et le bingo en ligne<\/li><\/ul>\n\n\n\n<h2 class=\"wp-block-heading\">Lois sur les jeux de hasard<\/h2>\n\n\n\n<p>La loterie d&#039;\u00c9tat, les casinos terrestres et les casinos hippodromes proposent des machines \u00e0 sous, des jeux de table et des paris sportifs en personne et en ligne.<\/p>\n\n\n\n<p>Les machines \u00e0 sous sont autoris\u00e9es dans 14 \u00e9tablissements agr\u00e9\u00e9s <\/p>\n\n\n\n<ul class=\"wp-block-list\"><li>sept casinos hippodromes<\/li><li>cinq salles de machines \u00e0 sous<\/li><li>deux casinos terrestres<\/li><\/ul>\n\n\n\n<p>Les paris sportifs terrestres et en ligne ont \u00e9t\u00e9 autoris\u00e9s et r\u00e9glement\u00e9s en juin 2018 suite \u00e0 l&#039;annulation de la PASPA<\/p>\n\n\n\n<p>Les paris mutuels et les jeux de bienfaisance sont autoris\u00e9s<\/p>\n\n\n\n<h2 class=\"wp-block-heading\">Taxes sur les jeux de hasard<\/h2>\n\n\n\n<ul class=\"wp-block-list\"><li>Jeux de casino (terrestres et en ligne)<\/li><li>Les machines \u00e0 sous sont tax\u00e9es \u00e0 54% de gain brut<\/li><li>Les jeux de table (y compris le poker) sont tax\u00e9s \u00e0 16% de gain brut<\/li><li>Les paris sportifs (terrestres et en ligne) sont tax\u00e9s \u00e0 36% de gain brut<\/li><\/ul>\n\n\n\n<h2 class=\"wp-block-heading\">R\u00e9gulation et gouvernance<\/h2>\n\n\n\n<p><a href=\"https:\/\/gamingcontrolboard.pa.gov\/\">Conseil de contr\u00f4le des jeux de Pennsylvanie<\/a> (PGCB)<\/p>\n\n\n\n<h2 class=\"wp-block-heading\">L\u00e9gislation sur les jeux de hasard<\/h2>\n\n\n\n<p>Statuts consolid\u00e9s de Pennsylvanie<\/p>\n\n\n\n<hr class=\"wp-block-separator\"\/>\n\n\n\n<h2 class=\"wp-block-heading\">Est-il l\u00e9gal de jouer en ligne en Pennsylvanie\u00a0?<\/h2>\n\n\n\n<p>Les lois sur les jeux d&#039;argent varient selon le type de jeu. Les jeux en ligne ne sont pas autoris\u00e9s par les op\u00e9rateurs terrestres. Par cons\u00e9quent, ces op\u00e9rateurs sont bas\u00e9s \u00e0 l&#039;\u00e9tranger, dans des juridictions r\u00e9glement\u00e9es et agr\u00e9\u00e9es. Les joueurs de Pennsylvanie sont accept\u00e9s par les op\u00e9rateurs offshore. Concernant la l\u00e9galit\u00e9 des joueurs, les lois ne d\u00e9clarent pas explicitement les jeux d&#039;argent en ligne comme ill\u00e9gaux ou l\u00e9gaux. Par cons\u00e9quent, les joueurs de Pennsylvanie peuvent continuer \u00e0 profiter des jeux en ligne.<\/p>\n\n\n\n<h2 class=\"wp-block-heading\">Quel est l&#039;\u00e2ge minimum l\u00e9gal pour jouer dans les casinos en ligne ?<\/h2>\n\n\n\n<p>L&#039;\u00e2ge minimum l\u00e9gal varie d&#039;un casino en ligne \u00e0 l&#039;autre. Cependant, l&#039;\u00e2ge minimum l\u00e9gal du casino en ligne est celui de la juridiction la plus \u00e9lev\u00e9e. Par cons\u00e9quent, pour les joueurs de Pennsylvanie, l&#039;\u00e2ge minimum l\u00e9gal est de 21 ans.<\/p>","protected":false},"excerpt":{"rendered":"<p>In the last year, Pennsylvania has seen a notable increase in online gambling pursuits. Every form of gambling is available on the internet, encompassing online casinos, sports betting, and bingo, all accessible to residents of Pennsylvania. These opportunities for gambling can be found on platforms both within the country and abroad. The minimum legal gambling [&#8230;]<\/p>\n<p><a class=\"btn btn-secondary understrap-read-more-link\" href=\"https:\/\/www.recxl.com\/fr\/online-casino\/red-dog-casino\/\">Lire la suite&#8230;<\/a><\/p>","protected":false},"author":4,"featured_media":0,"parent":1413,"menu_order":148,"comment_status":"closed","ping_status":"closed","template":"","meta":{"footnotes":""},"class_list":["post-1511","page","type-page","status-publish","hentry"],"_links":{"self":[{"href":"https:\/\/www.recxl.com\/fr\/wp-json\/wp\/v2\/pages\/1511","targetHints":{"allow":["GET"]}}],"collection":[{"href":"https:\/\/www.recxl.com\/fr\/wp-json\/wp\/v2\/pages"}],"about":[{"href":"https:\/\/www.recxl.com\/fr\/wp-json\/wp\/v2\/types\/page"}],"author":[{"embeddable":true,"href":"https:\/\/www.recxl.com\/fr\/wp-json\/wp\/v2\/users\/4"}],"replies":[{"embeddable":true,"href":"https:\/\/www.recxl.com\/fr\/wp-json\/wp\/v2\/comments?post=1511"}],"version-history":[{"count":30,"href":"https:\/\/www.recxl.com\/fr\/wp-json\/wp\/v2\/pages\/1511\/revisions"}],"predecessor-version":[{"id":18961,"href":"https:\/\/www.recxl.com\/fr\/wp-json\/wp\/v2\/pages\/1511\/revisions\/18961"}],"up":[{"embeddable":true,"href":"https:\/\/www.recxl.com\/fr\/wp-json\/wp\/v2\/pages\/1413"}],"wp:attachment":[{"href":"https:\/\/www.recxl.com\/fr\/wp-json\/wp\/v2\/media?parent=1511"}],"curies":[{"name":"wp","href":"https:\/\/api.w.org\/{rel}","templated":true}]}}