{"id":2001,"date":"2026-03-22T00:40:48","date_gmt":"2026-03-22T00:40:48","guid":{"rendered":"http:\/\/www.recxl.com\/?page_id=2001---70170cd9-95c8-451c-af3e-a5303693006e"},"modified":"2026-03-22T00:40:48","modified_gmt":"2026-03-22T00:40:48","slug":"el-royal-casino","status":"publish","type":"page","link":"https:\/\/www.recxl.com\/fr\/best-5-us-online-casinos\/el-royal-casino\/","title":{"rendered":"El Royale Casino"},"content":{"rendered":"<div class=\"wp-block-image\"><figure class=\"alignright size-large is-resized\"><img decoding=\"async\" src=\"https:\/\/www.gambledex.com\/wp-content\/uploads\/2020\/07\/image-1.png\" alt=\"\" class=\"wp-image-12454\" width=\"146\" height=\"82\"\/><\/figure><\/div>\n\n\n\n<p><strong>Red\u00e9couvrez la splendeur des ann\u00e9es 1920, marqu\u00e9e par la sophistication, l&#039;exclusivit\u00e9 et l&#039;essence m\u00eame de la haute soci\u00e9t\u00e9. Rejoignez le Club, incarnez James Bond (ou endossez l&#039;identit\u00e9 d&#039;un espion) et profitez des jeux haut de gamme propos\u00e9s par El Royale.<\/strong><\/p>\n\n\n\n<p>El Royale est un casino en ligne haut de gamme et de qualit\u00e9 sup\u00e9rieure. Vous sentirez la diff\u00e9rence d\u00e8s votre arriv\u00e9e sur leur site. <\/p>\n\n\n\n<p><strong>Temps de chargement fluides et rapides, sans probl\u00e8me et graphismes impressionnants. <\/strong><\/p>\n\n\n\n<p>L&#039;atmosph\u00e8re cr\u00e9\u00e9e est remarquable et rappelle les ann\u00e9es folles. Con\u00e7ue par des professionnels, la mise en page est intuitive, explicative et transparente. D&#039;autres casinos en ligne peuvent n\u00e9cessiter de parcourir les pages pour trouver des informations importantes sur les jeux, mais chez El Royale, tout est clair, utile et rafra\u00eechissant, c&#039;est le moins qu&#039;on puisse dire.<\/p>\n\n\n\n<blockquote class=\"wp-block-quote is-layout-flow wp-block-quote-is-layout-flow\"><p>En cons\u00e9quence, El Royale est l\u2019un des casinos les plus honn\u00eates et les plus fiables o\u00f9 jouer. <\/p><\/blockquote>\n\n\n\n<p>Bien qu&#039;ils soient relativement nouveaux sur la sc\u00e8ne des casinos en ligne, ils ont manifestement constat\u00e9 qu&#039;il existe une lacune dans les jeux en ligne professionnels et honn\u00eates qu&#039;ils peuvent combler.<\/p>\n\n\n\n<p><strong>El Royale est propuls\u00e9 par RealTime Gaming<\/strong>RealTime Gaming est l&#039;une des meilleures soci\u00e9t\u00e9s de logiciels de jeux en ligne au monde. Cr\u00e9\u00e9e par une \u00e9quipe am\u00e9ricaine innovante, elle a \u00e9t\u00e9 rachet\u00e9e dans les ann\u00e9es 2000. Pr\u00e9sente dans le secteur depuis plusieurs d\u00e9cennies, RealTime Gaming a d\u00e9velopp\u00e9 une vaste gamme de jeux appr\u00e9ci\u00e9s de nombreux fans fid\u00e8les.<\/p>\n\n\n\n<p>El Royale propose plus d&#039;une centaine de jeux de machines \u00e0 sous \u00e0 th\u00e8me et plus de 50 jeux de table diff\u00e9rents.<\/p>\n\n\n\n<p>Les m\u00e9thodes de d\u00e9p\u00f4t et de retrait sont les cartes de cr\u00e9dit standard, les cartes de d\u00e9bit, les cartes-cadeaux instantan\u00e9es et Bitcoin. <\/p>\n\n\n\n<blockquote class=\"wp-block-quote is-layout-flow wp-block-quote-is-layout-flow\"><p>Ce qui distingue El Royale, c&#039;est sa rapidit\u00e9 de paiement. En g\u00e9n\u00e9ral, El Royale traite les retraits sous 24 heures. <\/p><\/blockquote>\n\n\n\n<p>C&#039;est incroyablement rapide, compar\u00e9 \u00e0 de nombreux autres casinos en ligne.<\/p>\n\n\n\n<p>Les joueurs am\u00e9ricains seront ravis d&#039;apprendre qu&#039;El Royale les accepte \u00e0 partir de 21 ans. El Royale accepte \u00e9galement les joueurs australiens dont le compte est libell\u00e9 en dollars australiens.<\/p>\n\n\n\n<p>El Royale propose actuellement l&#039;un des <strong>meilleures offres de bonus pour les joueurs<\/strong>Il s&#039;agit d&#039;un environnement extr\u00eamement comp\u00e9titif, que peu d&#039;autres casinos (voire aucun) peuvent \u00e9galer.<\/p>\n\n\n\n<p><strong>En bref:<\/strong><\/p>\n\n\n\n<p>\u2705 Le bonus est difficile \u00e0 battre<\/p>\n\n\n\n<p>\u2705 Honn\u00eate, digne de confiance et r\u00e9put\u00e9<\/p>\n\n\n\n<p>\u2705 Paiement rapide sous 24 heures<\/p>\n\n\n\n<p>\u2705 Partenaires RealTime Gaming<\/p>\n\n\n\n<p>\u2705 Jeux avec croupier en direct<\/p>\n\n\n\n<p><strong>Jouez \u00e0 El Royale en toute confiance et en toute sinc\u00e9rit\u00e9. Amusez-vous bien\u00a0!<\/strong><\/p>\n\n\n\n<hr class=\"wp-block-separator\"\/>\n\n\n\n<p>El Royale Casino <strong>PAS <\/strong>accepter les joueurs de :<\/p>\n\n\n\n<figure class=\"wp-block-table is-style-stripes\"><table><tbody><tr><td>Afghanistan<\/td><td>L&#039;Iran<\/td><td>Antilles n\u00e9erlandaises<\/td><\/tr><tr><td>Azerba\u00efdjan<\/td><td>Irak<\/td><td>Pakistan<\/td><\/tr><tr><td>Bi\u00e9lorussie<\/td><td>Isra\u00ebl<\/td><td>Pologne<\/td><\/tr><tr><td>Costa Rica<\/td><td>Lettonie<\/td><td>Roumanie<\/td><\/tr><tr><td>Cura\u00e7ao<\/td><td>Lituanie<\/td><td>Russie<\/td><\/tr><tr><td>Estonie<\/td><td>Mac\u00e9doine<\/td><td>Turquie<\/td><\/tr><tr><td>Hongrie<\/td><td>Malaisie<\/td><td>Ukraine<\/td><\/tr><tr><td>Inde<\/td><td>Pays-Bas<\/td><td><\/td><\/tr><\/tbody><\/table><\/figure>\n\n\n\n<hr class=\"wp-block-separator\"\/>\n\n\n\n<h2 class=\"wp-block-heading\">Bonus et codes El Royale<\/h2>\n\n\n\n<figure class=\"wp-block-table is-style-stripes\"><table><tbody><tr><td><strong>ACCORD<\/strong><\/td><td><strong>OFFRE DE PREMIER D\u00c9P\u00d4T<\/strong><\/td><\/tr><tr><td>Prime<\/td><td>Bonus 240% + 40 tours gratuits sur Bubble Bubble 2<\/td><\/tr><tr><td>Code bonus<\/td><td>VRAI ROYAL<\/td><\/tr><tr><td>D\u00e9p\u00f4t minimum<\/td><td>Neosurf $10, BTC $20, Carte cadeau $25, CC $30<\/td><\/tr><tr><td>Mise max.<\/td><td>$10<\/td><\/tr><tr><td>Paiement max.<\/td><td>30 x montant du d\u00e9p\u00f4t<\/td><\/tr><tr><td>WR<\/td><td>35 x (D\u00e9p\u00f4t + Bonus)<\/td><\/tr><tr><td>Jeux<\/td><td>Machines \u00e0 sous, machines \u00e0 sous vid\u00e9o Real-Series, Keno, cartes \u00e0 gratter, jeux de soci\u00e9t\u00e9.<\/td><\/tr><\/tbody><\/table><\/figure>\n\n\n\n<figure class=\"wp-block-table is-style-stripes\"><table><tbody><tr><td><strong>ACCORD<\/strong><\/td><td><strong>OFFRE DE DEUXI\u00c8ME D\u00c9P\u00d4T<\/strong><\/td><\/tr><tr><td>Prime<\/td><td>Bonus de bienvenue 260%<\/td><\/tr><tr><td>Code bonus<\/td><td>VRAIE ROAR<\/td><\/tr><tr><td>D\u00e9p\u00f4t minimum<\/td><td>Neosurf $10, BTC $20, Carte cadeau $25, CC $30<\/td><\/tr><tr><td>Mise max.<\/td><td>$10<\/td><\/tr><tr><td>Paiement max.<\/td><td>30 x montant du d\u00e9p\u00f4t<\/td><\/tr><tr><td>WR<\/td><td>35 x (D\u00e9p\u00f4t + Bonus)<\/td><\/tr><tr><td>Jeux<\/td><td>Machines \u00e0 sous, machines \u00e0 sous vid\u00e9o Real-Series, Keno, cartes \u00e0 gratter, jeux de soci\u00e9t\u00e9.<\/td><\/tr><\/tbody><\/table><\/figure>\n\n\n\n<figure class=\"wp-block-table is-style-stripes\"><table><tbody><tr><td><strong>ACCORD<\/strong><\/td><td><strong>MIX DE BIENVENUE<\/strong><\/td><\/tr><tr><td>Prime<\/td><td>Jusqu&#039;\u00e0 245% de bonus + 40 tours gratuits sur Cash Bandits 2<\/td><\/tr><tr><td>Code bonus<\/td><td>VRAICASH<\/td><\/tr><tr><td>D\u00e9p\u00f4t minimum<\/td><td>Neosurf $10, BTC $20, Carte cadeau $25, CC $30<\/td><\/tr><tr><td>Mise max.<\/td><td>$10<\/td><\/tr><tr><td>Paiement max.<\/td><td>30 x montant du d\u00e9p\u00f4t<\/td><\/tr><tr><td>WR<\/td><td>35 x (D\u00e9p\u00f4t + Bonus)<\/td><\/tr><tr><td>Jeux<\/td><td>Machines \u00e0 sous, machines \u00e0 sous vid\u00e9o Real-Series, Keno, cartes \u00e0 gratter, jeux de soci\u00e9t\u00e9.<br>Les tours gratuits s&#039;appliquent au jeu Cash Bandits 2.<\/td><\/tr><\/tbody><\/table><\/figure>\n\n\n\n<figure class=\"wp-block-table is-style-stripes\"><table><tbody><tr><td><strong>ACCORD<\/strong><\/td><td><strong>TOURS DE BIENVENUE<\/strong><\/td><\/tr><tr><td>Prime<\/td><td>70 tours sur Aladdin&#039;s Wishes<\/td><\/tr><tr><td>Code bonus<\/td><td>VRAIE MAGIE<\/td><\/tr><tr><td>D\u00e9p\u00f4t minimum<\/td><td>Neosurf $10, BTC $20, Carte cadeau $25, CC $30<\/td><\/tr><tr><td>Mise max.<\/td><td>$10<\/td><\/tr><tr><td>Paiement max.<\/td><td>30 x montant du d\u00e9p\u00f4t<\/td><\/tr><tr><td>WR<\/td><td>20 x gains de rotation<\/td><\/tr><tr><td>Jeux<\/td><td>Machines \u00e0 sous, machines \u00e0 sous vid\u00e9o Real-Series, Keno, cartes \u00e0 gratter, jeux de soci\u00e9t\u00e9.<\/td><\/tr><\/tbody><\/table><\/figure>\n\n\n\n<figure class=\"wp-block-table is-style-stripes\"><table><tbody><tr><td><strong>ACCORD<\/strong><\/td><td><strong>BOOST DE BIENVENUE<\/strong><\/td><\/tr><tr><td>Prime<\/td><td>Bonus de bienvenue 250% pour les jeux de machines \u00e0 sous<\/td><\/tr><tr><td>Code bonus<\/td><td>TRUECROWN<\/td><\/tr><tr><td>D\u00e9p\u00f4t minimum<\/td><td>Neosurf $10, BTC $20, Carte cadeau $25, CC $30<\/td><\/tr><tr><td>Mise max.<\/td><td>$10<\/td><\/tr><tr><td>Paiement max.<\/td><td>30 x montant du d\u00e9p\u00f4t<\/td><\/tr><tr><td>WR<\/td><td>35 x (D\u00e9p\u00f4t + Bonus)<\/td><\/tr><tr><td>Jeux<\/td><td>Machines \u00e0 sous, machines \u00e0 sous vid\u00e9o Real-Series, Keno, cartes \u00e0 gratter, jeux de soci\u00e9t\u00e9.<\/td><\/tr><\/tbody><\/table><\/figure>\n\n\n\n<hr class=\"wp-block-separator\"\/>\n\n\n\n<h2 class=\"wp-block-heading\">Comment r\u00e9clamer votre bonus<\/h2>\n\n\n\n<ol class=\"wp-block-list\"><li>Allez \u00e0 la Caisse et recherchez la section \u00ab Bonus \u00bb.<\/li><li>Recherchez l&#039;offre, cliquez sur \u00ab\u00a0Utiliser\u00a0\u00bb ou ins\u00e9rez le <strong>Code bonus<\/strong> dans l\u2019onglet \u00ab Entrer le code \u00bb.<\/li><li>Faire un <strong>D\u00e9p\u00f4t minimum<\/strong> (ou plus) dans l&#039;onglet \u00ab\u00a0D\u00e9p\u00f4t\u00a0\u00bb et r\u00e9clamez le bonus<\/li><\/ol>\n\n\n\n<hr class=\"wp-block-separator\"\/>\n\n\n\n<h2 class=\"wp-block-heading\">M\u00e9thodes de d\u00e9p\u00f4t<\/h2>\n\n\n\n<ul class=\"wp-block-list\"><li>N\u00e9osurf<\/li><li>Bitcoin<\/li><li>Visa<\/li><li>MasterCard<\/li><li>Cartes-cadeaux instantan\u00e9es<\/li><\/ul>\n\n\n\n<hr class=\"wp-block-separator\"\/>\n\n\n\n<h2 class=\"wp-block-heading\">M\u00e9thodes de retrait<\/h2>\n\n\n\n<ul class=\"wp-block-list\"><li>Bitcoin<\/li><li>Carte de cr\u00e9dit<\/li><\/ul>\n\n\n\n<hr class=\"wp-block-separator\"\/>\n\n\n\n<h2 class=\"wp-block-heading\">S\u00e9curit\u00e9 et confidentialit\u00e9 des clients<\/h2>\n\n\n\n<p>Cryptage SSL 256 bits, technologie de certificat SSL<\/p>\n\n\n\n<hr class=\"wp-block-separator\"\/>\n\n\n\n<h2 class=\"wp-block-heading\">Jeu gratuit<\/h2>\n\n\n\n<ul class=\"wp-block-list\"><li>Jouez pour le plaisir avec des versions de d\u00e9monstration sans argent r\u00e9el.<\/li><li>Aucun d\u00e9p\u00f4t n&#039;est n\u00e9cessaire mais un compte est requis.<\/li><\/ul>\n\n\n\n<hr class=\"wp-block-separator\"\/>\n\n\n\n<h2 class=\"wp-block-heading\">Compatibilit\u00e9 des appareils<\/h2>\n\n\n\n<ul class=\"wp-block-list\"><li>Mobile \u2013 iOS et Android<\/li><li>Mac et Windows<\/li><li>Tous les navigateurs pour les jeux flash, mais Chrome est pr\u00e9f\u00e9r\u00e9<\/li><\/ul>\n\n\n\n<hr class=\"wp-block-separator\"\/>\n\n\n\n<h2 class=\"wp-block-heading\">Devise<\/h2>\n\n\n\n<ul class=\"wp-block-list\"><li>AUD<\/li><li>dollars am\u00e9ricains<\/li><\/ul>\n\n\n\n<hr class=\"wp-block-separator\"\/>\n\n\n\n<h2 class=\"wp-block-heading\">Fournisseur de logiciels<\/h2>\n\n\n\n<ul class=\"wp-block-list\"><li>Jeux en temps r\u00e9el<\/li><\/ul>\n\n\n\n<hr class=\"wp-block-separator\"\/>\n\n\n\n<h2 class=\"wp-block-heading\">\u00c2ge minimum<\/h2>\n\n\n\n<ul class=\"wp-block-list\"><li>\u00c2ge minimum 21 ans ou<\/li><li>\u00c2ge de juridiction le plus \u00e9lev\u00e9 des deux<\/li><\/ul>","protected":false},"excerpt":{"rendered":"<p>Rediscover the splendor of the 1920s, characterized by themes of sophistication, exclusivity, and the essence of high society. Join the Club, step into the shoes of James Bond (or assume the identity of a Spy) and enjoy the top-notch games offered by El Royale. El Royale is truly a high class top quality online casino. [&#8230;]<\/p>\n<p><a class=\"btn btn-secondary understrap-read-more-link\" href=\"https:\/\/www.recxl.com\/fr\/best-5-us-online-casinos\/el-royal-casino\/\">Lire la suite&#8230;<\/a><\/p>","protected":false},"author":4,"featured_media":3549,"parent":3010,"menu_order":116,"comment_status":"closed","ping_status":"closed","template":"","meta":{"footnotes":""},"class_list":["post-2001","page","type-page","status-publish","has-post-thumbnail","hentry"],"_links":{"self":[{"href":"https:\/\/www.recxl.com\/fr\/wp-json\/wp\/v2\/pages\/2001","targetHints":{"allow":["GET"]}}],"collection":[{"href":"https:\/\/www.recxl.com\/fr\/wp-json\/wp\/v2\/pages"}],"about":[{"href":"https:\/\/www.recxl.com\/fr\/wp-json\/wp\/v2\/types\/page"}],"author":[{"embeddable":true,"href":"https:\/\/www.recxl.com\/fr\/wp-json\/wp\/v2\/users\/4"}],"replies":[{"embeddable":true,"href":"https:\/\/www.recxl.com\/fr\/wp-json\/wp\/v2\/comments?post=2001"}],"version-history":[{"count":27,"href":"https:\/\/www.recxl.com\/fr\/wp-json\/wp\/v2\/pages\/2001\/revisions"}],"predecessor-version":[{"id":18859,"href":"https:\/\/www.recxl.com\/fr\/wp-json\/wp\/v2\/pages\/2001\/revisions\/18859"}],"up":[{"embeddable":true,"href":"https:\/\/www.recxl.com\/fr\/wp-json\/wp\/v2\/pages\/3010"}],"wp:featuredmedia":[{"embeddable":true,"href":"https:\/\/www.recxl.com\/fr\/wp-json\/wp\/v2\/media\/3549"}],"wp:attachment":[{"href":"https:\/\/www.recxl.com\/fr\/wp-json\/wp\/v2\/media?parent=2001"}],"curies":[{"name":"wp","href":"https:\/\/api.w.org\/{rel}","templated":true}]}}